{"id":1126,"date":"2018-09-21T17:20:00","date_gmt":"2018-09-21T15:20:00","guid":{"rendered":"https:\/\/www.team-italia.it\/?page_id=1126"},"modified":"2024-02-23T12:14:34","modified_gmt":"2024-02-23T11:14:34","slug":"privacy-policy","status":"publish","type":"page","link":"https:\/\/www.team-italia.it\/it\/privacy-policy\/","title":{"rendered":"Privacy Policy"},"content":{"rendered":"<p>[vc_row css_animation=&#8221;&#8221; row_type=&#8221;row&#8221; use_row_as_full_screen_section=&#8221;no&#8221; type=&#8221;grid&#8221; angled_section=&#8221;no&#8221; text_align=&#8221;left&#8221; background_image_as_pattern=&#8221;without_pattern&#8221; z_index=&#8221;&#8221;][vc_column][vc_empty_space height=&#8221;60px&#8221;][vc_column_text]<\/p>\n<h2 style=\"text-align: center;\"><strong>PRIVACY POLICY<\/strong><\/h2>\n<p>&nbsp;<\/p>\n<p style=\"text-align: justify;\">Documento informativo ai sensi e per gli effetti di cui all\u2019art. 13 del Regolamento (EU) 2016\/679 (GDPR), relativo a tutti i dati personali trattati secondo le modalit\u00e0 di seguito indicate.<\/p>\n<p style=\"text-align: justify;\"><strong>IL TITOLARE DEL TRATTAMENTO<\/strong><\/p>\n<p style=\"text-align: justify;\">Il Titolare del trattamento dei dati personali raccolti \u00e8\u00a0<strong>TEAM ITALIA MARINE s.r.l.<\/strong> con sede via Einaudi 114\/b \u2013 61032 Fano (PU) telefono 0721855234 \u2013 info@teamitaliamarine.com<\/p>\n<p style=\"text-align: justify;\">I dati di natura personale forniti potranno essere comunicati a destinatari opportunamente nominati che tratteranno i dati in qualit\u00e0 di responsabili per il trattamento e\/o in qualit\u00e0 di incaricati, al fine di ottemperare ai contratti o finalit\u00e0 connesse.<\/p>\n<p style=\"text-align: justify;\">L\u2019elenco completo dei responsabili del trattamento e degli incaricati al trattamento dei dati personali pu\u00f2 essere richiesto inviando apposita richiesta all\u2019indirizzo mail privacy@teamitaliamarine.com.<\/p>\n<p style=\"text-align: justify;\"><strong>TRASFERIMENTO DEI DATI<\/strong><\/p>\n<p style=\"text-align: justify;\">Nel caso in cui i dati personali siano trasferiti al di fuori dell\u2019Unione Europea, per finalit\u00e0 di carattere tecnico operativo e per garantire un\u2019elevata continuit\u00e0 del servizio, il Titolare assicura che il trasferimento sia fondato su una decisione di adeguatezza della Commissione, al fine di assicurare che il livello di protezione delle persone fisiche garantito dalla normativa vigente e in particolare dal Regolamento UE 2016\/679 non sia pregiudicato.<\/p>\n<p style=\"text-align: justify;\"><strong>DATI RACCOLTI<\/strong><\/p>\n<p style=\"text-align: justify;\">I dati personali trattati sono raccolti in quanto forniti direttamente dall\u2019interessato o raccolti automaticamente.<\/p>\n<p style=\"text-align: justify;\">I dati forniti direttamente dall\u2019interessato sono tutti i dati personali che siano forniti al Titolare del Trattamento con qualsiasi modalit\u00e0, direttamente dall&#8217;interessato.<\/p>\n<p style=\"text-align: justify;\">I dati raccolti automaticamente sono i dati di navigazione. Tali dati, pur non essendo raccolti al fine di essere associati all\u2019identit\u00e0 dell\u2019utente, potrebbero indirettamente, mediante elaborazione e associazioni con dati raccolti dal Titolare, consentire la sua identificazione.<\/p>\n<p style=\"text-align: justify;\">In seguito all&#8217;invio di newsletter, la piattaforma utilizzata consente di rilevare l\u2019apertura di un messaggio e i clic effettuati all&#8217;interno della newsletter stessa, unitamente a dettagli relativi all&#8217;IP e al browser\/devices utilizzati. La raccolta di questi dati \u00e8 fondamentale per il funzionamento dei sistemi di rinnovo implicito del trattamento (vedi la voce Modalit\u00e0 del Trattamento) e parte integrante dell&#8217;operativit\u00e0 della piattaforma di invio.<\/p>\n<p style=\"text-align: justify;\"><strong>FINALITA\u2019 DEL TRATTAMENTO<\/strong><\/p>\n<p style=\"text-align: justify;\">Il conferimento dei dati personali ha come base giuridica del trattamento esigenze contrattuali o precontrattuali o l\u2019adempimento di obblighi legali ai quali il Titolare del trattamento \u00e8 soggetto. Per tale ragione l\u2019eventuale rifiuto al trattamento ovvero il mancato, inesatto o parziale conferimento dei dati potrebbe avere come conseguenza l\u2019impossibilit\u00e0 di una corretta erogazione del servizio o l\u2019impossibilit\u00e0, per il Titolare, di rispondere alle richieste di informazioni inviate dall\u2019interessato.<\/p>\n<p style=\"text-align: justify;\">Il conferimento dei dati per le finalit\u00e0 di invio newsletter per scopi promozionali, commerciali informativi o di ricerca \u00e8 facoltativo ed il rifiuto a prestare il relativo consenso al Trattamento dar\u00e0 luogo all\u2019impossibilit\u00e0 di essere aggiornati circa iniziative commerciali e\/o campagne promozionali, di ricevere offerte o altro materiale promozionale.<\/p>\n<p style=\"text-align: justify;\"><strong>REVOCA DEL CONSENSO<\/strong><\/p>\n<p style=\"text-align: justify;\">L&#8217;interessato pu\u00f2 revocare il proprio consenso alla ricezione di comunicazioni promozionali e commerciali immediatamente, inviando richiesta all&#8217;indirizzo mail\u00a0<a href=\"mailto:privacy@teamitaliamarine.com\">privacy@teamitaliamarine.com<\/a> oppure cliccando sull&#8217;apposito link di disiscrizione che potr\u00e0 trovare nel footer di ogni mail promozionale e commerciale ricevuta.<\/p>\n<p style=\"text-align: justify;\"><strong>DESTINATARI<\/strong><\/p>\n<p style=\"text-align: justify;\">I dati di natura personale forniti potranno essere comunicati a destinatari opportunamente nominati che tratteranno i dati in qualit\u00e0 di responsabili per il trattamento e\/o in qualit\u00e0 di incaricati.<\/p>\n<p style=\"text-align: justify;\">Il Titolare del trattamento non comunica a terzi nessuna delle informazioni degli interessati senza il loro consenso, salvo ove richiesto dalla legge. \u00c8 in ogni caso esclusa la diffusione dei dati personali trattati. L\u2019elenco completo dei responsabili del trattamento, dei contitolari e degli incaricati al trattamento dei dati personali pu\u00f2 essere richiesto inviando apposita richiesta all\u2019indirizzo mail\u00a0<a href=\"mailto:privacy@teamitaliamarine.com\">privacy@teamitaliamarine.com<\/a>.<\/p>\n<p style=\"text-align: justify;\"><strong>MODALITA\u2019 DEL TRATTAMENTO<\/strong><\/p>\n<p style=\"text-align: justify;\">I dati personali sono trattati con strumenti automatizzati per il tempo strettamente necessario a conseguire gli scopi per cui sono stati raccolti, prevedendo in ogni caso la verifica annuale dei dati conservati al fine di cancellare quelli ritenuti obsoleti, salvo che la legge non preveda obblighi di archiviazione.<\/p>\n<p style=\"text-align: justify;\">Il trattamento dei dati avviene di norma presso la sede del Titolare, da personale o collaboratori esterni debitamente designati quali responsabili del trattamento. L\u2019elenco completo dei responsabili del trattamento e degli Incaricati al trattamento dei dati personali pu\u00f2 essere richiesto inviando apposita richiesta all\u2019indirizzo mail\u00a0privacy@teamitaliamarine.com.<\/p>\n<p style=\"text-align: justify;\">Specifiche misure di sicurezza sono osservate per prevenire la perdita dei dati, usi illeciti o non corretti ed accessi non autorizzati.<\/p>\n<p style=\"text-align: justify;\">L&#8217;iscrizione e il trattamento relativo sono ritenuti validi fino alla disiscrizione da parte dell&#8217;utente, presente in ogni email, oppure dopo 12 mesi dall&#8217;ultima comunicazione di cui abbia evidenza di interazione diretta (click, apertura, risposta).<\/p>\n<p style=\"text-align: justify;\"><strong>DIRITTI DELL\u2019INTERESSATO<\/strong><\/p>\n<p style=\"text-align: justify;\">Ai sensi degli artt. 15 \u2013 21 del Regolamento UE 2016\/679 a ciascun interessato vengono riconosciuti una serie di diritti.<\/p>\n<ul style=\"text-align: justify;\">\n<li><strong>Diritto di Accesso:<\/strong>\u00a0l\u2019interessato, ai sensi dell\u2019art. 15, ha diritto di ottenere la conferma che sia in corso un trattamento di dati personali che lo riguardano e, se del caso, di ottenerne copia. Ha inoltre il diritto di ottenere l\u2019accesso ai dati personali che lo riguardano e a ulteriori informazioni quali la finalit\u00e0 del trattamento, le categorie di destinatari, il periodo di conservazione dei dati e i diritti esercitabili.<\/li>\n<li><strong>Diritto di rettifica:<\/strong>\u00a0l\u2019interessato, ai sensi dell\u2019art. 16, ha diritto di ottenere la rettifica dei dati personali inesatti che lo riguardano o l\u2019integrazione degli stessi.<\/li>\n<li><strong>Diritto alla cancellazione:<\/strong>\u00a0l\u2019interessato ha diritto di ottenere la cancellazione dei dati personali che lo riguardano, senza ingiustificato ritardo, qualora sussista una dei motivi previsti dall\u2019art. 17.<\/li>\n<li><strong>Diritto di limitazione di trattamento:<\/strong>\u00a0l\u2019interessato ha diritto, nei casi previsti dall\u2019art 18 del Regolamento 2016\/679, di ottenere la limitazione del trattamento.<\/li>\n<li><strong>Diritto alla portabilit\u00e0 dei dati:<\/strong>\u00a0l\u2019interessato ha diritto di ricevere in un formato strutturato, di uso comune e leggibile da dispositivo automatico, i dati personali che lo riguardano e ha il diritto di trasmettere tali dati a un altro titolare senza impedimento, secondo quanto previsto dall\u2019art. 20 del Regolamento 2016\/679;<\/li>\n<li><strong>Diritto di opposizione al trattamento:<\/strong>\u00a0l\u2019interessato ha diritto di opporsi al trattamento dei dati personali che lo riguardano secondo quanto previsto dall\u2019art. 21 del Regolamento 2016\/679.<\/li>\n<li>L\u2019interessato ha altres\u00ec diritto di proporre reclamo all\u2019Autorit\u00e0 di controllo competente, il Garante della Privacy.<\/li>\n<\/ul>\n<p style=\"text-align: justify;\">Le richieste di cui ai punti precedenti dovranno essere rivolte per iscritto al Titolare del trattamento. Il Titolare del trattamento provveder\u00e0, nei limiti temporali stabiliti dalla vigente normativa, a fornire tempestiva risposta alle richieste di esercizio dei diritti degli interessati.<\/p>\n<p style=\"text-align: justify;\">Ogni delucidazione o richiesta di chiarimenti pu\u00f2 essere rivolta per iscritto al Titolare del trattamento.<\/p>\n<p style=\"text-align: justify;\"><strong>AGGIORNAMENTI E MODIFICHE<\/strong><\/p>\n<p style=\"text-align: justify;\">Il Titolare del trattamento si riserva il diritto di modificare, integrare o aggiornare periodicamente la presente Informativa in ossequio alla normativa applicabile o ai provvedimenti adottati dal Garante per la Protezione dei dati personali.<\/p>\n<p style=\"text-align: justify;\">Le suddette modifiche o integrazioni saranno portate a conoscenza degli interessati. Invitiamo gli utenti a prendere visione della Privacy Policy con regolarit\u00e0, per verificare l\u2019Informativa aggiornata e decidere se continuare o meno ad usufruire dei servizi offerti.<\/p>\n<p>&nbsp;<\/p>\n<p>[\/vc_column_text][vc_empty_space height=&#8221;40px&#8221;][vc_column_text]<strong>COOKIE POLICY<\/strong><br \/>\nQuesto sito web fa ricorso a cookie (anche di terze parti) per migliorare l\u2019esperienza di navigazione degli utenti. I cookie, infatti, permettono a tutti i visitatori di accedere ai servizi online del sito e di visualizzare annunci pubblicitari in linea con le proprie preferenze.<br \/>\nI cookies presenti in questo sito rientrano nelle categorie &#8220;Cookie Tecnici&#8221; e &#8220;Cookie di profilazione di terze parti&#8221;.<br \/>\nContinuando la navigazione acconsenti al loro impiego.<br \/>\nTi ricordiamo che \u00e8 possibile disabilitare ogni singolo cookie presente sul browser, in qualsiasi momento. Questa opzione, tuttavia, potrebbe limitare di molto la funzionalit\u00e0 dei nostri servizi.<\/p>\n<p><strong>Cosa sono i cookies<\/strong><br \/>\nI cookie sono piccoli file di testo, che contengono informazioni di base sulla navigazione di un utente e che vengono inviati automaticamente da un server (come questo sito) al browser Internet dell\u2019utente stesso. Quest\u2019ultimo provvede poi a memorizzati sul PC dell\u2019utente e a rinviati al server ogni volta che l\u2019utente ritorna sul sito.<\/p>\n<p><a href=\"#\" onclick=\"UC_UI.showSecondLayer();\"><strong>GESTIONE COOKIE<\/strong><\/a>[\/vc_column_text][vc_empty_space height=&#8221;40px&#8221;][vc_empty_space height=&#8221;80px&#8221;][vc_raw_html]JTNDZGl2JTIwY2xhc3MlM0QlMjJ1Yy1lbWJlZCUyMiUyMHVjLWxheW91dCUzRCUyMjElMjIlMjB1Yy1jb25zZW50LW5hbWUlM0QlMjJOQU1FJTIyJTIwdWMtZGF0YSUzRCUyMnByb2Nlc3Nvck5hbWVzJTJDJTIwZGVzY3JpcHRpb24lMkMlMjBkYXRhUHVycG9zZXMlMkMlMjBkYXRhQ29sbGVjdGVkJTJDJTIwZnVydGhlckluZm9ybWF0aW9uJTIyJTNFJTNDJTJGZGl2JTNF[\/vc_raw_html][\/vc_column][\/vc_row][vc_row css_animation=&#8221;&#8221; row_type=&#8221;row&#8221; use_row_as_full_screen_section=&#8221;no&#8221; type=&#8221;full_width&#8221; angled_section=&#8221;no&#8221; text_align=&#8221;left&#8221; background_image_as_pattern=&#8221;without_pattern&#8221;][vc_column][\/vc_column][\/vc_row]<\/p>\n","protected":false},"excerpt":{"rendered":"<p>[vc_row css_animation=&#8221;&#8221; row_type=&#8221;row&#8221; use_row_as_full_screen_section=&#8221;no&#8221; type=&#8221;grid&#8221; angled_section=&#8221;no&#8221; text_align=&#8221;left&#8221; background_image_as_pattern=&#8221;without_pattern&#8221; z_index=&#8221;&#8221;][vc_column][vc_empty_space height=&#8221;60px&#8221;][vc_column_text] PRIVACY POLICY &nbsp; Documento informativo ai sensi e per gli effetti di cui all\u2019art. 13 del Regolamento (EU) 2016\/679 (GDPR), relativo a tutti i dati personali trattati secondo le modalit\u00e0 di seguito indicate. IL TITOLARE&#8230;<\/p>\n","protected":false},"author":3,"featured_media":0,"parent":0,"menu_order":0,"comment_status":"closed","ping_status":"closed","template":"full_width.php","meta":{"footnotes":""},"categories":[],"_links":{"self":[{"href":"https:\/\/www.team-italia.it\/it\/wp-json\/wp\/v2\/pages\/1126"}],"collection":[{"href":"https:\/\/www.team-italia.it\/it\/wp-json\/wp\/v2\/pages"}],"about":[{"href":"https:\/\/www.team-italia.it\/it\/wp-json\/wp\/v2\/types\/page"}],"author":[{"embeddable":true,"href":"https:\/\/www.team-italia.it\/it\/wp-json\/wp\/v2\/users\/3"}],"replies":[{"embeddable":true,"href":"https:\/\/www.team-italia.it\/it\/wp-json\/wp\/v2\/comments?post=1126"}],"version-history":[{"count":42,"href":"https:\/\/www.team-italia.it\/it\/wp-json\/wp\/v2\/pages\/1126\/revisions"}],"predecessor-version":[{"id":2455,"href":"https:\/\/www.team-italia.it\/it\/wp-json\/wp\/v2\/pages\/1126\/revisions\/2455"}],"wp:attachment":[{"href":"https:\/\/www.team-italia.it\/it\/wp-json\/wp\/v2\/media?parent=1126"}],"wp:term":[{"taxonomy":"category","embeddable":true,"href":"https:\/\/www.team-italia.it\/it\/wp-json\/wp\/v2\/categories?post=1126"}],"curies":[{"name":"wp","href":"https:\/\/api.w.org\/{rel}","templated":true}]}}