{"id":2195,"date":"2023-10-09T14:48:39","date_gmt":"2023-10-09T12:48:39","guid":{"rendered":"https:\/\/www.team-italia.it\/wp\/download"},"modified":"2023-10-09T16:19:23","modified_gmt":"2023-10-09T14:19:23","slug":"download-2","status":"publish","type":"page","link":"https:\/\/www.team-italia.it\/it\/automazione\/hardware\/","title":{"rendered":"HARDWARE"},"content":{"rendered":"<p>[vc_row css_animation=&#8221;&#8221; row_type=&#8221;row&#8221; use_row_as_full_screen_section=&#8221;no&#8221; type=&#8221;full_width&#8221; angled_section=&#8221;no&#8221; text_align=&#8221;center&#8221; background_image_as_pattern=&#8221;without_pattern&#8221; background_image=&#8221;2203&#8243; z_index=&#8221;&#8221; padding_top=&#8221;200&#8243; padding_bottom=&#8221;200&#8243;][vc_column][\/vc_column][\/vc_row][vc_row css_animation=&#8221;&#8221; row_type=&#8221;row&#8221; use_row_as_full_screen_section=&#8221;no&#8221; type=&#8221;grid&#8221; angled_section=&#8221;no&#8221; text_align=&#8221;center&#8221; background_image_as_pattern=&#8221;without_pattern&#8221; z_index=&#8221;&#8221;][vc_column][vc_empty_space height=&#8221;60px&#8221;][vc_column_text]<\/p>\n<h1 style=\"text-align: center;\">HARDWARE<\/h1>\n<p>[\/vc_column_text][vc_empty_space height=&#8221;30px&#8221;][vc_separator type=&#8221;small&#8221; position=&#8221;center&#8221; color=&#8221;#0561b2&#8243; thickness=&#8221;1&#8243; width=&#8221;63&#8243; up=&#8221;31&#8243; down=&#8221;39&#8243;][vc_row_inner row_type=&#8221;row&#8221; type=&#8221;full_width&#8221; text_align=&#8221;left&#8221; row_negative_margin=&#8221;disable_negative_margin&#8221; css_animation=&#8221;element_from_bottom&#8221; css=&#8221;.vc_custom_1695807400440{margin-right: -15px !important;margin-left: -15px !important;}&#8221;][vc_column_inner width=&#8221;1\/4&#8243; css=&#8221;.vc_custom_1530612592269{margin-right: 0px !important;margin-left: 0px !important;padding-left: 0px !important;}&#8221;][vc_column_text css=&#8221;.vc_custom_1696855279322{margin-left: 0px !important;}&#8221;]<\/p>\n<p style=\"text-align: left;\"><img decoding=\"async\" loading=\"lazy\" class=\"aligncenter size-full wp-image-1985\" src=\"https:\/\/www.team-italia.it\/wp\/wp-content\/uploads\/2023\/10\/Hardware-icon-big.png\" alt=\"\" width=\"206\" height=\"203\" \/><\/p>\n<p>[\/vc_column_text][\/vc_column_inner][vc_column_inner width=&#8221;3\/4&#8243; css=&#8221;.vc_custom_1530612652828{margin-right: 0px !important;padding-right: 0px !important;}&#8221;][vc_column_text css=&#8221;.vc_custom_1696855289775{margin-right: 0px !important;padding-right: 0px !important;}&#8221; el_class=&#8221;testo-intro&#8221;]I moduli elettronici Onyx Marine Automation sono espressamente progettati e realizzati per l&#8217;utilizzo nautico: prima della commercializzazione ciascun modulo viene sottoposto ad una completa serie di test (burn-in) che ne veri\ufb01cano af\ufb01dabilit\u00e0 e funzionalit\u00e0. I componenti elettronici utilizzati sono della migliore qualit\u00e0 e del tipo a range esteso di temperatura (-20 \u00f7 85 \u00b0C).[\/vc_column_text][\/vc_column_inner][\/vc_row_inner][vc_empty_space height=&#8221;30px&#8221;][\/vc_column][\/vc_row][vc_row css_animation=&#8221;&#8221; row_type=&#8221;row&#8221; use_row_as_full_screen_section=&#8221;no&#8221; type=&#8221;grid&#8221; angled_section=&#8221;no&#8221; text_align=&#8221;center&#8221; background_image_as_pattern=&#8221;without_pattern&#8221; z_index=&#8221;&#8221;][vc_column][vc_empty_space height=&#8221;30px&#8221;][vc_separator type=&#8221;small&#8221; position=&#8221;center&#8221; color=&#8221;#0561b2&#8243; thickness=&#8221;1&#8243; width=&#8221;63&#8243; up=&#8221;31&#8243; down=&#8221;39&#8243;][vc_row_inner row_type=&#8221;row&#8221; type=&#8221;full_width&#8221; text_align=&#8221;left&#8221; row_negative_margin=&#8221;disable_negative_margin&#8221; css_animation=&#8221;element_from_bottom&#8221; css=&#8221;.vc_custom_1695807400440{margin-right: -15px !important;margin-left: -15px !important;}&#8221;][vc_column_inner width=&#8221;1\/4&#8243;]<a\n  href=\"https:\/\/www.team-italia.it\/it\/automazione\/hardware\/moduli-cpu\"\n  class=\"marvelous-link noHover\"\n  >\n  <figure class=\"marvelous-hover effect-hover effect-praia ratio34   marvelous_custom_class_106523f741eb372   marvelous-lazyload\">\n        <img data-src=\"https:\/\/www.team-italia.it\/wp\/wp-content\/uploads\/2023\/10\/OM-961S-1-640x853.jpg\" alt=\"\"\/>\n    \n    <figcaption>\n      <div class=\"effect-caption\">\n        <div class=\"effect-heading\">\n          <h2>Moduli CPU <span><\/span><\/h2>\n        <\/div>\n\n        <div class=\"effect-description\">\n                    <p class=\"description\">Moduli CPU<\/p>\n                  <\/div>\n\n      <\/div>\n    <\/figcaption>\n  <\/figure>\n<\/a>[\/vc_column_inner][vc_column_inner width=&#8221;1\/4&#8243;]<a\n  href=\"https:\/\/www.team-italia.it\/it\/automazione\/hardware\/moduli-di-potenza-allo-stato-solido\"\n  class=\"marvelous-link noHover\"\n  >\n  <figure class=\"marvelous-hover effect-hover effect-praia ratio34   marvelous_custom_class_106524017143595   marvelous-lazyload\">\n        <img data-src=\"https:\/\/www.team-italia.it\/wp\/wp-content\/uploads\/2023\/10\/SSD-640x853.jpg\" alt=\"\"\/>\n    \n    <figcaption>\n      <div class=\"effect-caption\">\n        <div class=\"effect-heading\">\n          <h2>Moduli di potenza allo stato solido <span><\/span><\/h2>\n        <\/div>\n\n        <div class=\"effect-description\">\n                    <p class=\"description\">Moduli di potenza allo stato solido<\/p>\n                  <\/div>\n\n      <\/div>\n    <\/figcaption>\n  <\/figure>\n<\/a>[\/vc_column_inner][vc_column_inner width=&#8221;1\/4&#8243;]<a\n  href=\"https:\/\/www.team-italia.it\/it\/automazione\/hardware\/moduli-di-i-o-digitali\"\n  class=\"marvelous-link noHover\"\n  >\n  <figure class=\"marvelous-hover effect-hover effect-praia ratio34   marvelous_custom_class_96524015bba3af   marvelous-lazyload\">\n        <img data-src=\"https:\/\/www.team-italia.it\/wp\/wp-content\/uploads\/2023\/10\/OM-110-115-640x853.jpg\" alt=\"\"\/>\n    \n    <figcaption>\n      <div class=\"effect-caption\">\n        <div class=\"effect-heading\">\n          <h2>Moduli di I\/O digitali <span><\/span><\/h2>\n        <\/div>\n\n        <div class=\"effect-description\">\n                    <p class=\"description\">Moduli di I\/O digitali<\/p>\n                  <\/div>\n\n      <\/div>\n    <\/figcaption>\n  <\/figure>\n<\/a>[\/vc_column_inner][vc_column_inner width=&#8221;1\/4&#8243;]<a\n  href=\"https:\/\/www.team-italia.it\/it\/automazione\/hardware\/moduli-di-i-o-analogici\"\n  class=\"marvelous-link noHover\"\n  >\n  <figure class=\"marvelous-hover effect-hover effect-praia ratio34   marvelous_custom_class_965240bd6c6a71   marvelous-lazyload\">\n        <img data-src=\"https:\/\/www.team-italia.it\/wp\/wp-content\/uploads\/2023\/10\/OM-961S-1-640x853.jpg\" alt=\"\"\/>\n    \n    <figcaption>\n      <div class=\"effect-caption\">\n        <div class=\"effect-heading\">\n          <h2>Moduli di I\/O analogici <span><\/span><\/h2>\n        <\/div>\n\n        <div class=\"effect-description\">\n                    <p class=\"description\">Moduli di I\/O analogici<\/p>\n                  <\/div>\n\n      <\/div>\n    <\/figcaption>\n  <\/figure>\n<\/a>[\/vc_column_inner][\/vc_row_inner][vc_empty_space height=&#8221;30px&#8221;][vc_row_inner row_type=&#8221;row&#8221; type=&#8221;full_width&#8221; text_align=&#8221;left&#8221; row_negative_margin=&#8221;disable_negative_margin&#8221; css_animation=&#8221;element_from_bottom&#8221; css=&#8221;.vc_custom_1695807400440{margin-right: -15px !important;margin-left: -15px !important;}&#8221;][vc_column_inner width=&#8221;1\/4&#8243;]<a\n  href=\"https:\/\/www.team-italia.it\/it\/automazione\/hardware\/moduli-dimmer\"\n  class=\"marvelous-link noHover\"\n  >\n  <figure class=\"marvelous-hover effect-hover effect-praia ratio34   marvelous_custom_class_10652401c7a3733   marvelous-lazyload\">\n        <img data-src=\"https:\/\/www.team-italia.it\/wp\/wp-content\/uploads\/2023\/10\/drimmer-640x853.jpg\" alt=\"\"\/>\n    \n    <figcaption>\n      <div class=\"effect-caption\">\n        <div class=\"effect-heading\">\n          <h2>Moduli dimmer <span><\/span><\/h2>\n        <\/div>\n\n        <div class=\"effect-description\">\n                    <p class=\"description\">Moduli dimmer<\/p>\n                  <\/div>\n\n      <\/div>\n    <\/figcaption>\n  <\/figure>\n<\/a>[\/vc_column_inner][vc_column_inner width=&#8221;1\/4&#8243;]<a\n  href=\"https:\/\/www.team-italia.it\/it\/automazione\/hardware\/ridondanza-del-sistema\"\n  class=\"marvelous-link noHover\"\n  >\n  <figure class=\"marvelous-hover effect-hover effect-praia ratio34   marvelous_custom_class_9652401eabebcb   marvelous-lazyload\">\n        <img data-src=\"https:\/\/www.team-italia.it\/wp\/wp-content\/uploads\/2023\/10\/ridondanza-640x853.jpg\" alt=\"\"\/>\n    \n    <figcaption>\n      <div class=\"effect-caption\">\n        <div class=\"effect-heading\">\n          <h2>Ridondanza del Sistema <span><\/span><\/h2>\n        <\/div>\n\n        <div class=\"effect-description\">\n                    <p class=\"description\">Ridondanza del Sistema<\/p>\n                  <\/div>\n\n      <\/div>\n    <\/figcaption>\n  <\/figure>\n<\/a>[\/vc_column_inner][vc_column_inner width=&#8221;1\/4&#8243;]<a\n  href=\"https:\/\/www.team-italia.it\/it\/automazione\/hardware\/display-touch-screen\"\n  class=\"marvelous-link noHover\"\n  >\n  <figure class=\"marvelous-hover effect-hover effect-praia ratio34   marvelous_custom_class_9652402116c7d0   marvelous-lazyload\">\n        <img data-src=\"https:\/\/www.team-italia.it\/wp\/wp-content\/uploads\/2023\/10\/schermi-640x853.jpg\" alt=\"\"\/>\n    \n    <figcaption>\n      <div class=\"effect-caption\">\n        <div class=\"effect-heading\">\n          <h2>Display Touch-Screen <span><\/span><\/h2>\n        <\/div>\n\n        <div class=\"effect-description\">\n                    <p class=\"description\">Display Touch-Screen<\/p>\n                  <\/div>\n\n      <\/div>\n    <\/figcaption>\n  <\/figure>\n<\/a>[\/vc_column_inner][vc_column_inner width=&#8221;1\/4&#8243;][\/vc_column_inner][\/vc_row_inner][vc_empty_space height=&#8221;30px&#8221;][vc_empty_space height=&#8221;30px&#8221;][vc_column_text]Tutti i componenti Onyx Marine Automation hanno conseguito il Type Approval dai principali Enti di classi\ufb01ca (RINA Registro Navale Italiano, LRS Lloyd\u2019s Register of Shipping, ABS American Bureau of Shipping). Grazie a tali certi\ufb01cazioni, tutti i nostri sistemi d\u2019automazione possono essere installati anche su imbarcazioni dove \u00e8 obbligatoria la notazione di classe.[\/vc_column_text][\/vc_column][\/vc_row][vc_row css_animation=&#8221;&#8221; row_type=&#8221;row&#8221; use_row_as_full_screen_section=&#8221;no&#8221; type=&#8221;full_width&#8221; angled_section=&#8221;no&#8221; text_align=&#8221;left&#8221; background_image_as_pattern=&#8221;without_pattern&#8221;][vc_column][vc_empty_space height=&#8221;80px&#8221;][\/vc_column][\/vc_row]<\/p>\n","protected":false},"excerpt":{"rendered":"<p>[vc_row css_animation=&#8221;&#8221; row_type=&#8221;row&#8221; use_row_as_full_screen_section=&#8221;no&#8221; type=&#8221;full_width&#8221; angled_section=&#8221;no&#8221; text_align=&#8221;center&#8221; background_image_as_pattern=&#8221;without_pattern&#8221; background_image=&#8221;2203&#8243; z_index=&#8221;&#8221; padding_top=&#8221;200&#8243; padding_bottom=&#8221;200&#8243;][vc_column][\/vc_column][\/vc_row][vc_row css_animation=&#8221;&#8221; row_type=&#8221;row&#8221; use_row_as_full_screen_section=&#8221;no&#8221; type=&#8221;grid&#8221; angled_section=&#8221;no&#8221; text_align=&#8221;center&#8221; background_image_as_pattern=&#8221;without_pattern&#8221; z_index=&#8221;&#8221;][vc_column][vc_empty_space height=&#8221;60px&#8221;][vc_column_text] HARDWARE [\/vc_column_text][vc_empty_space height=&#8221;30px&#8221;][vc_separator type=&#8221;small&#8221; position=&#8221;center&#8221; color=&#8221;#0561b2&#8243; thickness=&#8221;1&#8243; width=&#8221;63&#8243; up=&#8221;31&#8243; down=&#8221;39&#8243;][vc_row_inner row_type=&#8221;row&#8221; type=&#8221;full_width&#8221; text_align=&#8221;left&#8221; row_negative_margin=&#8221;disable_negative_margin&#8221; css_animation=&#8221;element_from_bottom&#8221; css=&#8221;.vc_custom_1695807400440{margin-right: -15px !important;margin-left: -15px !important;}&#8221;][vc_column_inner width=&#8221;1\/4&#8243; css=&#8221;.vc_custom_1530612592269{margin-right: 0px !important;margin-left:&#8230;<\/p>\n","protected":false},"author":3,"featured_media":0,"parent":1974,"menu_order":0,"comment_status":"closed","ping_status":"closed","template":"full_width.php","meta":{"footnotes":""},"categories":[20],"_links":{"self":[{"href":"https:\/\/www.team-italia.it\/it\/wp-json\/wp\/v2\/pages\/2195"}],"collection":[{"href":"https:\/\/www.team-italia.it\/it\/wp-json\/wp\/v2\/pages"}],"about":[{"href":"https:\/\/www.team-italia.it\/it\/wp-json\/wp\/v2\/types\/page"}],"author":[{"embeddable":true,"href":"https:\/\/www.team-italia.it\/it\/wp-json\/wp\/v2\/users\/3"}],"replies":[{"embeddable":true,"href":"https:\/\/www.team-italia.it\/it\/wp-json\/wp\/v2\/comments?post=2195"}],"version-history":[{"count":7,"href":"https:\/\/www.team-italia.it\/it\/wp-json\/wp\/v2\/pages\/2195\/revisions"}],"predecessor-version":[{"id":2268,"href":"https:\/\/www.team-italia.it\/it\/wp-json\/wp\/v2\/pages\/2195\/revisions\/2268"}],"up":[{"embeddable":true,"href":"https:\/\/www.team-italia.it\/it\/wp-json\/wp\/v2\/pages\/1974"}],"wp:attachment":[{"href":"https:\/\/www.team-italia.it\/it\/wp-json\/wp\/v2\/media?parent=2195"}],"wp:term":[{"taxonomy":"category","embeddable":true,"href":"https:\/\/www.team-italia.it\/it\/wp-json\/wp\/v2\/categories?post=2195"}],"curies":[{"name":"wp","href":"https:\/\/api.w.org\/{rel}","templated":true}]}}