{"id":2252,"date":"2023-10-09T16:18:17","date_gmt":"2023-10-09T14:18:17","guid":{"rendered":"https:\/\/www.team-italia.it\/wp\/automazione-hardware-moduli-cpu"},"modified":"2023-10-09T16:18:17","modified_gmt":"2023-10-09T14:18:17","slug":"automazione-hardware-moduli-cpu-2","status":"publish","type":"page","link":"https:\/\/www.team-italia.it\/it\/automazione\/hardware\/moduli-di-i-o-digitali\/","title":{"rendered":"Moduli di I\/O digitali"},"content":{"rendered":"<p>[vc_row css_animation=&#8221;&#8221; row_type=&#8221;row&#8221; use_row_as_full_screen_section=&#8221;no&#8221; type=&#8221;full_width&#8221; angled_section=&#8221;no&#8221; text_align=&#8221;center&#8221; background_image_as_pattern=&#8221;without_pattern&#8221; background_image=&#8221;2203&#8243; z_index=&#8221;&#8221; padding_top=&#8221;200&#8243; padding_bottom=&#8221;200&#8243;][vc_column][\/vc_column][\/vc_row][vc_row css_animation=&#8221;&#8221; row_type=&#8221;row&#8221; use_row_as_full_screen_section=&#8221;no&#8221; type=&#8221;grid&#8221; angled_section=&#8221;no&#8221; text_align=&#8221;center&#8221; background_image_as_pattern=&#8221;without_pattern&#8221; z_index=&#8221;&#8221;][vc_column][vc_empty_space height=&#8221;60px&#8221;][vc_column_text]<\/p>\n<h1 style=\"text-align: center;\">HARDWARE<\/h1>\n<p>[\/vc_column_text][vc_empty_space height=&#8221;30px&#8221;][vc_column_text]<\/p>\n<h2 style=\"text-align: center;\">Moduli di I\/O digitali<\/h2>\n<h3 class=\"text-24\" style=\"text-align: center;\">La gamma di moduli di I\/O digitali \u00e8 estremamente ricca: ciascun modulo \u00e8 dotato di una porta CANbus, cos\u00ec da poter essere collocato in qualsiasi parte dell\u2019imbarcazione per raccogliere i segnali o per trasmettere i comandi, grazie a un solo cavo che collega il modulo alla rete CANbus.<\/h3>\n<p>[\/vc_column_text][vc_empty_space height=&#8221;50px&#8221;]\n\n\t<a href=\"https:\/\/www.team-italia.it\/wp\/wp-content\/uploads\/2023\/10\/DataSheetITA_1.pdf\" target=\"_blank\" style=\"font-size: 22px;font-weight: 400;font-style: normal\" class=\"qode-btn qode-btn-medium qode-btn-solid qode-btn-custom-hover-bg qode-btn-custom-hover-color buttone qode-btn-default-hover\" data-hover-bg-color=\"#1e73be\" data-hover-color=\"#ffffff\" >\n\t    <span class=\"qode-btn-text\">Download Data Sheet<\/span>\t<\/a>\n\n[vc_empty_space height=&#8221;50px&#8221;][vc_column_text]<\/p>\n<p style=\"text-align: center;\">Tutti i canali d\u2019ingresso (di tipo PNP o NPN) sono optoisolati e protetti dai ritorni di corrente.<\/p>\n<p style=\"text-align: center;\">Ciascuna uscita eroga \ufb01no a 500mA ed \u00e8 protetta da cortocircuito. \u00c8 disponibile una versione adatta alla lettura della linea a 230VAC, per la lettura dei segnali di feedback direttamente dal carico. Una versione speciale di questi moduli, dotata di un ingresso Wiegand (a 26, 30 o 44 bit), consente l\u2019integrazione di unit\u00e0 di controllo accessi (lettori biometrici, transponder, ecc.) nel sistema di automazione. Un\u2019altra versione invece \u00e8 caratterizzata dall\u2019implementazione della sequenza di segnalazione standard ISA-1, una funzione che permette di utilizzare il modulo come un segnalatore di allarmi autonomo, quando \u00e8 scollegato dalla rete, o come un modulo allarmi intelligente, quando \u00e8 collegato al sistema di automazione.<\/p>\n<p style=\"text-align: center;\">Versioni disponibili: 8DI+8DO (PNP\/NPN) &#8211; 16DI (PNP), 16DI (NPN) &#8211; 16DI (230VAC) &#8211; 16DI+16DO (PNP input) &#8211; 16DI+16DO (NPN input) &#8211; 16DO (500mA) &#8211; 16DO &#8211; 8DI+8DO Wiegand<\/p>\n<p>[\/vc_column_text][vc_empty_space height=&#8221;60px&#8221;][\/vc_column][\/vc_row][vc_row css_animation=&#8221;&#8221; row_type=&#8221;row&#8221; use_row_as_full_screen_section=&#8221;no&#8221; type=&#8221;grid&#8221; angled_section=&#8221;no&#8221; text_align=&#8221;left&#8221; background_image_as_pattern=&#8221;without_pattern&#8221; z_index=&#8221;&#8221;][vc_column][vc_gallery interval=&#8221;5&#8243; images=&#8221;2255,2257,2259,2261,2263,2265&#8243; img_size=&#8221;large&#8221; show_image_description=&#8221;yes&#8221;][\/vc_column][\/vc_row][vc_row css_animation=&#8221;&#8221; row_type=&#8221;row&#8221; use_row_as_full_screen_section=&#8221;no&#8221; type=&#8221;full_width&#8221; angled_section=&#8221;no&#8221; text_align=&#8221;left&#8221; background_image_as_pattern=&#8221;without_pattern&#8221;][vc_column][vc_empty_space height=&#8221;80px&#8221;][\/vc_column][\/vc_row]<\/p>\n","protected":false},"excerpt":{"rendered":"<p>[vc_row css_animation=&#8221;&#8221; row_type=&#8221;row&#8221; use_row_as_full_screen_section=&#8221;no&#8221; type=&#8221;full_width&#8221; angled_section=&#8221;no&#8221; text_align=&#8221;center&#8221; background_image_as_pattern=&#8221;without_pattern&#8221; background_image=&#8221;2203&#8243; z_index=&#8221;&#8221; padding_top=&#8221;200&#8243; padding_bottom=&#8221;200&#8243;][vc_column][\/vc_column][\/vc_row][vc_row css_animation=&#8221;&#8221; row_type=&#8221;row&#8221; use_row_as_full_screen_section=&#8221;no&#8221; type=&#8221;grid&#8221; angled_section=&#8221;no&#8221; text_align=&#8221;center&#8221; background_image_as_pattern=&#8221;without_pattern&#8221; z_index=&#8221;&#8221;][vc_column][vc_empty_space height=&#8221;60px&#8221;][vc_column_text] HARDWARE [\/vc_column_text][vc_empty_space height=&#8221;30px&#8221;][vc_column_text] Moduli di I\/O digitali La gamma di moduli di I\/O digitali \u00e8 estremamente ricca: ciascun modulo \u00e8 dotato di una porta&#8230;<\/p>\n","protected":false},"author":3,"featured_media":0,"parent":2195,"menu_order":0,"comment_status":"closed","ping_status":"closed","template":"full_width.php","meta":{"footnotes":""},"categories":[20],"_links":{"self":[{"href":"https:\/\/www.team-italia.it\/it\/wp-json\/wp\/v2\/pages\/2252"}],"collection":[{"href":"https:\/\/www.team-italia.it\/it\/wp-json\/wp\/v2\/pages"}],"about":[{"href":"https:\/\/www.team-italia.it\/it\/wp-json\/wp\/v2\/types\/page"}],"author":[{"embeddable":true,"href":"https:\/\/www.team-italia.it\/it\/wp-json\/wp\/v2\/users\/3"}],"replies":[{"embeddable":true,"href":"https:\/\/www.team-italia.it\/it\/wp-json\/wp\/v2\/comments?post=2252"}],"version-history":[{"count":1,"href":"https:\/\/www.team-italia.it\/it\/wp-json\/wp\/v2\/pages\/2252\/revisions"}],"predecessor-version":[{"id":2267,"href":"https:\/\/www.team-italia.it\/it\/wp-json\/wp\/v2\/pages\/2252\/revisions\/2267"}],"up":[{"embeddable":true,"href":"https:\/\/www.team-italia.it\/it\/wp-json\/wp\/v2\/pages\/2195"}],"wp:attachment":[{"href":"https:\/\/www.team-italia.it\/it\/wp-json\/wp\/v2\/media?parent=2252"}],"wp:term":[{"taxonomy":"category","embeddable":true,"href":"https:\/\/www.team-italia.it\/it\/wp-json\/wp\/v2\/categories?post=2252"}],"curies":[{"name":"wp","href":"https:\/\/api.w.org\/{rel}","templated":true}]}}