{"id":2281,"date":"2023-10-09T16:28:29","date_gmt":"2023-10-09T14:28:29","guid":{"rendered":"https:\/\/www.team-italia.it\/wp\/automazione-hardware-moduli-cpu"},"modified":"2023-10-09T16:30:43","modified_gmt":"2023-10-09T14:30:43","slug":"automazione-hardware-moduli-cpu-3","status":"publish","type":"page","link":"https:\/\/www.team-italia.it\/it\/automazione\/hardware\/moduli-dimmer\/","title":{"rendered":"Moduli dimmer"},"content":{"rendered":"<p>[vc_row css_animation=&#8221;&#8221; row_type=&#8221;row&#8221; use_row_as_full_screen_section=&#8221;no&#8221; type=&#8221;full_width&#8221; angled_section=&#8221;no&#8221; text_align=&#8221;center&#8221; background_image_as_pattern=&#8221;without_pattern&#8221; background_image=&#8221;2203&#8243; z_index=&#8221;&#8221; padding_top=&#8221;200&#8243; padding_bottom=&#8221;200&#8243;][vc_column][\/vc_column][\/vc_row][vc_row css_animation=&#8221;&#8221; row_type=&#8221;row&#8221; use_row_as_full_screen_section=&#8221;no&#8221; type=&#8221;grid&#8221; angled_section=&#8221;no&#8221; text_align=&#8221;center&#8221; background_image_as_pattern=&#8221;without_pattern&#8221; z_index=&#8221;&#8221;][vc_column][vc_empty_space height=&#8221;60px&#8221;][vc_column_text]<\/p>\n<h1 style=\"text-align: center;\">HARDWARE<\/h1>\n<p>[\/vc_column_text][vc_empty_space height=&#8221;30px&#8221;][vc_column_text]<\/p>\n<h2 style=\"text-align: center;\">Moduli dimmer<\/h2>\n<h3 class=\"text-24\" style=\"text-align: center;\">Speci\ufb01catamente studiati per l\u2019uso in ambienti marini, i moduli dimmer sono la soluzione ideale per accendere, spegnere ed effettuare il dimming di qualsiasi luce dimmerabile PWM a 24v, sia di tipo tradizionale che LED.<\/h3>\n<p>[\/vc_column_text][vc_empty_space height=&#8221;50px&#8221;]\n\n\t<a href=\"https:\/\/www.team-italia.it\/wp\/wp-content\/uploads\/2023\/10\/DataSheetITA_1.pdf\" target=\"_blank\" style=\"font-size: 22px;font-weight: 400;font-style: normal\" class=\"qode-btn qode-btn-medium qode-btn-solid qode-btn-custom-hover-bg qode-btn-custom-hover-color buttone qode-btn-default-hover\" data-hover-bg-color=\"#1e73be\" data-hover-color=\"#ffffff\" >\n\t    <span class=\"qode-btn-text\">Download Data Sheet<\/span>\t<\/a>\n\n[vc_empty_space height=&#8221;50px&#8221;][vc_column_text]<\/p>\n<p style=\"text-align: center;\">Il modulo master \u00e8 dotato di 8 canali. Ogni uscita, programmabile in modalit\u00e0 on\/off e dimmer, eroga potenza \ufb01no a 16A, \u00e8 protetta elettronicamente da un limitatore di corrente e da una protezione dal surriscaldamento ed \u00e8 dotata di un fusibile per una maggiore sicurezza. Il modulo pu\u00f2 funzionare in modalit\u00e0 stand-alone, qualora il sistema di monitoraggio non sia presente o spento, o in modalit\u00e0 integrata con il sistema di monitoraggio per controllare i segnali di comando e di feedback cos\u00ec come la corrente assorbita.<\/p>\n<p style=\"text-align: center;\">Il modulo pu\u00f2 essere controllato localmente attraverso interruttori meccanici. Il modulo slave \u00e8 un modulo opzionale che offre 32 canali I\/O aggiuntivi: 8 inputs digitali per la creazione di scenari programmabili, 8 outputs digitali per il feedback sui pulsanti degli interruttori a parete e ulteriori 8 inputs e 8 outputs digitali che possono essere utilizzati per gestire \ufb01no a 4 serrande o tende motorizzate o differenti apparecchiature, quali per esempio gli estrattori di cabina.<\/p>\n<p style=\"text-align: center;\">Versioni disponibili: 8 24 VDC 16A canali dimmer<\/p>\n<p>[\/vc_column_text][vc_empty_space height=&#8221;60px&#8221;][\/vc_column][\/vc_row][vc_row css_animation=&#8221;&#8221; row_type=&#8221;row&#8221; use_row_as_full_screen_section=&#8221;no&#8221; type=&#8221;grid&#8221; angled_section=&#8221;no&#8221; text_align=&#8221;left&#8221; background_image_as_pattern=&#8221;without_pattern&#8221; z_index=&#8221;&#8221;][vc_column][vc_gallery interval=&#8221;5&#8243; images=&#8221;2284,2289&#8243; img_size=&#8221;large&#8221; show_image_description=&#8221;yes&#8221;][\/vc_column][\/vc_row][vc_row css_animation=&#8221;&#8221; row_type=&#8221;row&#8221; use_row_as_full_screen_section=&#8221;no&#8221; type=&#8221;full_width&#8221; angled_section=&#8221;no&#8221; text_align=&#8221;left&#8221; background_image_as_pattern=&#8221;without_pattern&#8221;][vc_column][vc_empty_space height=&#8221;80px&#8221;][\/vc_column][\/vc_row]<\/p>\n","protected":false},"excerpt":{"rendered":"<p>[vc_row css_animation=&#8221;&#8221; row_type=&#8221;row&#8221; use_row_as_full_screen_section=&#8221;no&#8221; type=&#8221;full_width&#8221; angled_section=&#8221;no&#8221; text_align=&#8221;center&#8221; background_image_as_pattern=&#8221;without_pattern&#8221; background_image=&#8221;2203&#8243; z_index=&#8221;&#8221; padding_top=&#8221;200&#8243; padding_bottom=&#8221;200&#8243;][vc_column][\/vc_column][\/vc_row][vc_row css_animation=&#8221;&#8221; row_type=&#8221;row&#8221; use_row_as_full_screen_section=&#8221;no&#8221; type=&#8221;grid&#8221; angled_section=&#8221;no&#8221; text_align=&#8221;center&#8221; background_image_as_pattern=&#8221;without_pattern&#8221; z_index=&#8221;&#8221;][vc_column][vc_empty_space height=&#8221;60px&#8221;][vc_column_text] HARDWARE [\/vc_column_text][vc_empty_space height=&#8221;30px&#8221;][vc_column_text] Moduli dimmer Speci\ufb01catamente studiati per l\u2019uso in ambienti marini, i moduli dimmer sono la soluzione ideale per accendere, spegnere ed effettuare&#8230;<\/p>\n","protected":false},"author":3,"featured_media":0,"parent":2195,"menu_order":0,"comment_status":"closed","ping_status":"closed","template":"full_width.php","meta":{"footnotes":""},"categories":[20],"_links":{"self":[{"href":"https:\/\/www.team-italia.it\/it\/wp-json\/wp\/v2\/pages\/2281"}],"collection":[{"href":"https:\/\/www.team-italia.it\/it\/wp-json\/wp\/v2\/pages"}],"about":[{"href":"https:\/\/www.team-italia.it\/it\/wp-json\/wp\/v2\/types\/page"}],"author":[{"embeddable":true,"href":"https:\/\/www.team-italia.it\/it\/wp-json\/wp\/v2\/users\/3"}],"replies":[{"embeddable":true,"href":"https:\/\/www.team-italia.it\/it\/wp-json\/wp\/v2\/comments?post=2281"}],"version-history":[{"count":2,"href":"https:\/\/www.team-italia.it\/it\/wp-json\/wp\/v2\/pages\/2281\/revisions"}],"predecessor-version":[{"id":2291,"href":"https:\/\/www.team-italia.it\/it\/wp-json\/wp\/v2\/pages\/2281\/revisions\/2291"}],"up":[{"embeddable":true,"href":"https:\/\/www.team-italia.it\/it\/wp-json\/wp\/v2\/pages\/2195"}],"wp:attachment":[{"href":"https:\/\/www.team-italia.it\/it\/wp-json\/wp\/v2\/media?parent=2281"}],"wp:term":[{"taxonomy":"category","embeddable":true,"href":"https:\/\/www.team-italia.it\/it\/wp-json\/wp\/v2\/categories?post=2281"}],"curies":[{"name":"wp","href":"https:\/\/api.w.org\/{rel}","templated":true}]}}