{"id":646,"date":"2018-06-16T10:38:02","date_gmt":"2018-06-16T08:38:02","guid":{"rendered":"http:\/\/www.team-italia.kbox.it\/wp\/?page_id=646"},"modified":"2020-12-10T17:31:18","modified_gmt":"2020-12-10T16:31:18","slug":"azienda","status":"publish","type":"page","link":"https:\/\/www.team-italia.it\/it\/azienda\/","title":{"rendered":"Azienda"},"content":{"rendered":"<p>[vc_row row_type=&#8221;parallax&#8221; parallax_content_width=&#8221;in_grid&#8221; text_align=&#8221;left&#8221; full_screen_section_height=&#8221;no&#8221; background_image=&#8221;559&#8243; section_height=&#8221;600&#8243; el_class=&#8221;cover1&#8243;][vc_column][\/vc_column][\/vc_row][vc_row css_animation=&#8221;&#8221; row_type=&#8221;row&#8221; use_row_as_full_screen_section=&#8221;no&#8221; type=&#8221;grid&#8221; angled_section=&#8221;no&#8221; text_align=&#8221;center&#8221; background_image_as_pattern=&#8221;without_pattern&#8221; z_index=&#8221;&#8221;][vc_column][vc_empty_space height=&#8221;60px&#8221;][vc_column_text]<\/p>\n<h2 style=\"text-align: center;\">Company Overview<\/h2>\n<p>[\/vc_column_text][vc_separator type=&#8221;small&#8221; position=&#8221;center&#8221; color=&#8221;#0561b2&#8243; thickness=&#8221;1&#8243; width=&#8221;63&#8243; up=&#8221;31&#8243; down=&#8221;39&#8243;][vc_column_text]<\/p>\n<p style=\"text-align: justify;\">Da oltre 20 anni, <strong>TEAM Italia<\/strong> opera a livello globale nel campo dei Mega e Maxi Yachts ed \u00e8 specializzata nell\u2019integrazione ed ottimizzazione funzionale di apparati di navigazione, telecomunicazione, sicurezza e trasmissione dati in modo da semplificarne l\u2019utilizzo. L\u2019esclusivo sistema <strong>I-Bridge\u00ae<\/strong>, permette di integrare e controllare, con un unico dispositivo, i molteplici sistemi ormai indispensabili a bordo, apportando facilit\u00e0 di utilizzo e velocit\u00e0 di reazione e aumentando cos\u00ec il livello di sicurezza in mare.<\/p>\n<p>&nbsp;<\/p>\n<p style=\"text-align: justify;\">Ogni giorno lo staff di TEAM Italia si affianca al cliente come partner tecnologico nella definizione della specifica tecnica, nell\u2019elaborazione e nello sviluppo del progetto fino all\u2019installazione, commissioning, training e support sia a terra che a bordo.<\/p>\n<p>&nbsp;<\/p>\n<p style=\"text-align: justify;\">In Italia sono cinque le sedi ubicate sul versante Adriatico e Tirrenico, che assieme ad una rete di partner internazionali associati ed accuratamente selezionati, sono in grado di garantire un\u2019assistenza completa e puntuale in tutto il mondo.<\/p>\n<p>[\/vc_column_text][vc_empty_space height=&#8221;40px&#8221;][\/vc_column][\/vc_row][vc_row css_animation=&#8221;&#8221; row_type=&#8221;row&#8221; use_row_as_full_screen_section=&#8221;no&#8221; type=&#8221;full_width&#8221; angled_section=&#8221;no&#8221; text_align=&#8221;center&#8221; background_image_as_pattern=&#8221;without_pattern&#8221; anchor=&#8221;innovation-technology&#8221; background_image=&#8221;1301&#8243; el_class=&#8221;cover&#8221; z_index=&#8221;&#8221;][vc_column][vc_column_text]<img decoding=\"async\" loading=\"lazy\" class=\"aligncenter size-full wp-image-1299 imgclouds\" src=\"https:\/\/www.team-italia.it\/wp\/wp-content\/uploads\/2019\/02\/clouds-r-d.png\" alt=\"\" width=\"700\" height=\"490\" \/>[\/vc_column_text][\/vc_column][\/vc_row][vc_row css_animation=&#8221;&#8221; row_type=&#8221;row&#8221; use_row_as_full_screen_section=&#8221;no&#8221; type=&#8221;full_width&#8221; angled_section=&#8221;no&#8221; text_align=&#8221;center&#8221; background_image_as_pattern=&#8221;without_pattern&#8221; z_index=&#8221;&#8221;][vc_column offset=&#8221;vc_hidden-lg vc_hidden-md&#8221;][vc_column_text]<img decoding=\"async\" loading=\"lazy\" class=\"aligncenter size-full wp-image-826\" src=\"https:\/\/www.team-italia.it\/wp\/wp-content\/uploads\/2018\/07\/clouds-r-d.png\" alt=\"\" width=\"700\" height=\"336\" \/>[\/vc_column_text][\/vc_column][\/vc_row][vc_row css_animation=&#8221;&#8221; row_type=&#8221;row&#8221; use_row_as_full_screen_section=&#8221;no&#8221; type=&#8221;grid&#8221; angled_section=&#8221;no&#8221; text_align=&#8221;left&#8221; background_image_as_pattern=&#8221;without_pattern&#8221; z_index=&#8221;&#8221;][vc_column][vc_empty_space height=&#8221;30px&#8221;][vc_column_text]<\/p>\n<h2 style=\"text-align: center;\">RESEARCH &amp; DEVELOPMENT<\/h2>\n<p>[\/vc_column_text][vc_empty_space height=&#8221;30px&#8221;][vc_column_text]<\/p>\n<p style=\"text-align: justify;\">Il team lavora sull\u2019integrazione pi\u00f9 avanzata ed \u00e8 costituito da ingegneri elettronici, progettisti, project manager e personale tecnico di bordo. L\u2019implementazione delle innovazioni tecnologiche proposte dai costruttori e da altri mercati vengono accuratamente testate e collaudate nei laboratori TEAM Italia prima di essere inserite nelle soluzioni proposte ai Clienti. Inoltre, una volta rilasciato, il sistema sar\u00e0 sempre predisposto per implementazioni ed upgrade.<\/p>\n<p>[\/vc_column_text][vc_empty_space height=&#8221;70px&#8221;][\/vc_column][\/vc_row][vc_row css_animation=&#8221;&#8221; row_type=&#8221;row&#8221; use_row_as_full_screen_section=&#8221;no&#8221; type=&#8221;full_width&#8221; angled_section=&#8221;no&#8221; text_align=&#8221;center&#8221; background_image_as_pattern=&#8221;without_pattern&#8221; background_image=&#8221;1307&#8243; el_class=&#8221;cover&#8221; z_index=&#8221;&#8221;][vc_column][vc_column_text]<img decoding=\"async\" loading=\"lazy\" class=\"aligncenter size-full wp-image-1305 imgclouds\" src=\"https:\/\/www.team-italia.it\/wp\/wp-content\/uploads\/2019\/02\/clouds-engineering.png\" alt=\"\" width=\"700\" height=\"490\" \/>[\/vc_column_text][\/vc_column][\/vc_row][vc_row css_animation=&#8221;&#8221; row_type=&#8221;row&#8221; use_row_as_full_screen_section=&#8221;no&#8221; type=&#8221;full_width&#8221; angled_section=&#8221;no&#8221; text_align=&#8221;center&#8221; background_image_as_pattern=&#8221;without_pattern&#8221; z_index=&#8221;&#8221;][vc_column offset=&#8221;vc_hidden-lg vc_hidden-md&#8221;][vc_column_text]<img decoding=\"async\" loading=\"lazy\" class=\"aligncenter size-full wp-image-824\" src=\"https:\/\/www.team-italia.it\/wp\/wp-content\/uploads\/2018\/07\/clouds-engineering.png\" alt=\"\" width=\"700\" height=\"377\" \/>[\/vc_column_text][\/vc_column][\/vc_row][vc_row css_animation=&#8221;&#8221; row_type=&#8221;row&#8221; use_row_as_full_screen_section=&#8221;no&#8221; type=&#8221;grid&#8221; angled_section=&#8221;no&#8221; text_align=&#8221;left&#8221; background_image_as_pattern=&#8221;without_pattern&#8221; z_index=&#8221;&#8221;][vc_column][vc_empty_space height=&#8221;30px&#8221;][vc_column_text]<\/p>\n<h2 style=\"text-align: center;\">ENGINEERING<\/h2>\n<p>[\/vc_column_text][vc_empty_space height=&#8221;30px&#8221;][vc_column_text]<\/p>\n<p style=\"text-align: justify;\">La divisione di Engineering parte dall\u2019analisi e dall\u2019elaborazione delle specifiche tecniche o dei desiderata del proprio committente arrivando alla stesura e alla realizzazione del progetto sia per configurazioni convenzionali che per soluzioni integrate. La gestione e lo sviluppo del progetto vengono assicurati dalla presenza di qualificate figure professionali di cui l\u2019azienda dispone al proprio interno, ognuna specializzata per specifica competenza e costantemente coinvolte in ogni fase dello sviluppo progettuale.<\/p>\n<p>[\/vc_column_text][vc_empty_space height=&#8221;70px&#8221;][\/vc_column][\/vc_row][vc_row css_animation=&#8221;&#8221; row_type=&#8221;row&#8221; use_row_as_full_screen_section=&#8221;no&#8221; type=&#8221;full_width&#8221; angled_section=&#8221;no&#8221; text_align=&#8221;center&#8221; background_image_as_pattern=&#8221;without_pattern&#8221; background_image=&#8221;553&#8243; el_class=&#8221;cover&#8221; z_index=&#8221;&#8221;][vc_column][vc_column_text css=&#8221;.vc_custom_1549473330511{margin-top: 50px !important;}&#8221;]<img decoding=\"async\" loading=\"lazy\" class=\"aligncenter size-full wp-image-821 imgclouds\" src=\"https:\/\/www.team-italia.it\/wp\/wp-content\/uploads\/2018\/10\/clouds-captain.png\" alt=\"\" width=\"700\" height=\"433\" \/>[\/vc_column_text][\/vc_column][\/vc_row][vc_row css_animation=&#8221;&#8221; row_type=&#8221;row&#8221; use_row_as_full_screen_section=&#8221;no&#8221; type=&#8221;full_width&#8221; angled_section=&#8221;no&#8221; text_align=&#8221;center&#8221; background_image_as_pattern=&#8221;without_pattern&#8221; z_index=&#8221;&#8221;][vc_column offset=&#8221;vc_hidden-lg vc_hidden-md&#8221;][vc_column_text]<img decoding=\"async\" loading=\"lazy\" class=\"aligncenter size-full wp-image-821\" src=\"https:\/\/www.team-italia.it\/wp\/wp-content\/uploads\/2018\/07\/clouds-captain.png\" alt=\"\" width=\"700\" height=\"433\" \/>[\/vc_column_text][\/vc_column][\/vc_row][vc_row css_animation=&#8221;&#8221; row_type=&#8221;row&#8221; use_row_as_full_screen_section=&#8221;no&#8221; type=&#8221;grid&#8221; angled_section=&#8221;no&#8221; text_align=&#8221;left&#8221; background_image_as_pattern=&#8221;without_pattern&#8221; z_index=&#8221;&#8221;][vc_column][vc_empty_space height=&#8221;30px&#8221;][vc_column_text]<\/p>\n<h2 style=\"text-align: center;\">CAPTAIN&#8217;S EXPERTISE<\/h2>\n<p>[\/vc_column_text][vc_empty_space height=&#8221;30px&#8221;][vc_column_text]<\/p>\n<p style=\"text-align: justify;\">Il sistema I-Bridge\u00ae consente ai Comandanti di utilizzare tutti gli strumenti di bordo con la stessa dinamica di interfaccia e di ottenere le giuste informazioni nei tempi e modi corretti. Questo rappresenta un vantaggio importante quando le decisioni devono essere prese in momenti critici.<br \/>\nIl feedback quotidiano dei Comandanti, che sono gli utilizzatori delle soluzioni TEAM Italia, permette all\u2019azienda di aggiornare in modo costante i progetti e di sviluppare, con la loro cooperazione ed esperienza, nuove applicazioni innovative.<\/p>\n<p>[\/vc_column_text][vc_empty_space height=&#8221;70px&#8221;][\/vc_column][\/vc_row][vc_row css_animation=&#8221;&#8221; row_type=&#8221;row&#8221; use_row_as_full_screen_section=&#8221;no&#8221; type=&#8221;full_width&#8221; angled_section=&#8221;no&#8221; text_align=&#8221;center&#8221; background_image_as_pattern=&#8221;without_pattern&#8221; anchor=&#8221;design&#8221; background_image=&#8221;1469&#8243; el_class=&#8221;cover&#8221; z_index=&#8221;&#8221;][vc_column][vc_column_text css=&#8221;.vc_custom_1549473341078{margin-top: 50px !important;}&#8221;]<img decoding=\"async\" loading=\"lazy\" class=\"aligncenter size-full wp-image-823 imgclouds\" src=\"https:\/\/www.team-italia.it\/wp\/wp-content\/uploads\/2018\/10\/clouds-design.png\" alt=\"\" width=\"700\" height=\"432\" \/>[\/vc_column_text][\/vc_column][\/vc_row][vc_row css_animation=&#8221;&#8221; row_type=&#8221;row&#8221; use_row_as_full_screen_section=&#8221;no&#8221; type=&#8221;full_width&#8221; angled_section=&#8221;no&#8221; text_align=&#8221;center&#8221; background_image_as_pattern=&#8221;without_pattern&#8221; anchor=&#8221;design&#8221; z_index=&#8221;&#8221;][vc_column offset=&#8221;vc_hidden-lg vc_hidden-md&#8221;][vc_column_text]<img decoding=\"async\" loading=\"lazy\" class=\"aligncenter size-full wp-image-823\" src=\"https:\/\/www.team-italia.it\/wp\/wp-content\/uploads\/2018\/07\/clouds-design.png\" alt=\"\" width=\"700\" height=\"432\" \/>[\/vc_column_text][\/vc_column][\/vc_row][vc_row css_animation=&#8221;&#8221; row_type=&#8221;row&#8221; use_row_as_full_screen_section=&#8221;no&#8221; type=&#8221;grid&#8221; angled_section=&#8221;no&#8221; text_align=&#8221;left&#8221; background_image_as_pattern=&#8221;without_pattern&#8221; z_index=&#8221;&#8221;][vc_column][vc_empty_space height=&#8221;30px&#8221;][vc_column_text]<\/p>\n<h2 style=\"text-align: center;\">DESIGN<\/h2>\n<p>[\/vc_column_text][vc_empty_space height=&#8221;30px&#8221;][vc_column_text]<\/p>\n<p style=\"text-align: justify;\">Vengono studiati e sviluppati progetti completi per la personalizzazione ed il restyling delle consolle. Qualificati designer, lavorando a stretto contatto con gli altri reparti, creano soluzioni architettoniche perfettamente allineate con le esigenze di ergonomia e di funzionalit\u00e0 della plancia. Grazie all\u2019utilizzo di materiali sempre nuovi ed esclusivi e attraverso l\u2019applicazione di concetti di innovazione nel design, l\u2019azienda propone consolle tecnologicamente avanzate e perfettamente personalizzate.<\/p>\n<p>[\/vc_column_text][vc_empty_space height=&#8221;70px&#8221;][\/vc_column][\/vc_row][vc_row css_animation=&#8221;&#8221; row_type=&#8221;row&#8221; use_row_as_full_screen_section=&#8221;no&#8221; type=&#8221;full_width&#8221; angled_section=&#8221;no&#8221; text_align=&#8221;center&#8221; background_image_as_pattern=&#8221;without_pattern&#8221; background_image=&#8221;565&#8243; el_class=&#8221;cover&#8221; z_index=&#8221;&#8221;][vc_column][vc_column_text css=&#8221;.vc_custom_1549473351970{margin-top: 50px !important;}&#8221;]<img decoding=\"async\" loading=\"lazy\" class=\"aligncenter size-full wp-image-825 imgclouds\" src=\"https:\/\/www.team-italia.it\/wp\/wp-content\/uploads\/2018\/10\/clouds-project-management.png\" alt=\"\" width=\"700\" height=\"417\" \/>[\/vc_column_text][\/vc_column][\/vc_row][vc_row css_animation=&#8221;&#8221; row_type=&#8221;row&#8221; use_row_as_full_screen_section=&#8221;no&#8221; type=&#8221;full_width&#8221; angled_section=&#8221;no&#8221; text_align=&#8221;center&#8221; background_image_as_pattern=&#8221;without_pattern&#8221; z_index=&#8221;&#8221;][vc_column offset=&#8221;vc_hidden-lg vc_hidden-md&#8221;][vc_column_text]<img decoding=\"async\" loading=\"lazy\" class=\"aligncenter size-full wp-image-825\" src=\"https:\/\/www.team-italia.it\/wp\/wp-content\/uploads\/2018\/07\/clouds-project-management.png\" alt=\"\" width=\"700\" height=\"417\" \/>[\/vc_column_text][\/vc_column][\/vc_row][vc_row css_animation=&#8221;&#8221; row_type=&#8221;row&#8221; use_row_as_full_screen_section=&#8221;no&#8221; type=&#8221;grid&#8221; angled_section=&#8221;no&#8221; text_align=&#8221;left&#8221; background_image_as_pattern=&#8221;without_pattern&#8221; z_index=&#8221;&#8221;][vc_column][vc_empty_space height=&#8221;30px&#8221;][vc_column_text]<\/p>\n<h2 style=\"text-align: center;\">PROJECT MANAGEMENT<\/h2>\n<p>[\/vc_column_text][vc_empty_space height=&#8221;30px&#8221;][vc_column_text]<\/p>\n<p style=\"text-align: justify;\">Mantenere l\u2019efficacia e la flessibilit\u00e0 della produzione e della logistica a livello eccellente, richiede una gestione sofisticata delle informazioni e procedure di lavoro facili ed accessibili. Lo scopo del POD (Process &amp; Organization Development) \u00e8 quello di ascoltare attentamente i requisiti sia interni che esterni di cambiamento organizzativo, per sviluppare e attuare le procedure che migliorano le prestazioni aziendali, la trasparenza, la cultura e conseguentemente la soddisfazione del cliente.<\/p>\n<p>[\/vc_column_text][vc_empty_space height=&#8221;70px&#8221;][\/vc_column][\/vc_row][vc_row css_animation=&#8221;&#8221; row_type=&#8221;row&#8221; use_row_as_full_screen_section=&#8221;no&#8221; type=&#8221;full_width&#8221; angled_section=&#8221;no&#8221; text_align=&#8221;center&#8221; background_image_as_pattern=&#8221;without_pattern&#8221; anchor=&#8221;technical-support&#8221; background_image=&#8221;564&#8243; el_class=&#8221;cover cover-teams&#8221; z_index=&#8221;&#8221;][vc_column][vc_column_text]<img decoding=\"async\" loading=\"lazy\" class=\"aligncenter size-full wp-image-822 imgclouds imgclouds-teams\" src=\"https:\/\/www.team-italia.it\/wp\/wp-content\/uploads\/2018\/10\/clouds-customer-support.png\" alt=\"\" width=\"700\" height=\"490\" \/>[\/vc_column_text][\/vc_column][\/vc_row][vc_row css_animation=&#8221;&#8221; row_type=&#8221;row&#8221; use_row_as_full_screen_section=&#8221;no&#8221; type=&#8221;full_width&#8221; angled_section=&#8221;no&#8221; text_align=&#8221;center&#8221; background_image_as_pattern=&#8221;without_pattern&#8221; anchor=&#8221;technical-support&#8221; z_index=&#8221;&#8221;][vc_column offset=&#8221;vc_hidden-lg vc_hidden-md&#8221;][vc_column_text]<img decoding=\"async\" loading=\"lazy\" class=\"aligncenter size-full wp-image-822\" src=\"https:\/\/www.team-italia.it\/wp\/wp-content\/uploads\/2018\/07\/clouds-customer-support.png\" alt=\"\" width=\"700\" height=\"490\" \/>[\/vc_column_text][\/vc_column][\/vc_row][vc_row css_animation=&#8221;&#8221; row_type=&#8221;row&#8221; use_row_as_full_screen_section=&#8221;no&#8221; type=&#8221;grid&#8221; angled_section=&#8221;no&#8221; text_align=&#8221;left&#8221; background_image_as_pattern=&#8221;without_pattern&#8221; z_index=&#8221;&#8221;][vc_column][vc_empty_space height=&#8221;30px&#8221;][vc_column_text]<\/p>\n<h2 style=\"text-align: center;\">CUSTOMER SUPPORT<\/h2>\n<p>[\/vc_column_text][vc_empty_space height=&#8221;30px&#8221;][vc_column_text]<\/p>\n<p style=\"text-align: justify;\">Il servizio di post vendita inizia con la gestione delle richieste e prosegue con l\u2019analisi del problema e la predisposizione della migliore soluzione di intervento tecnico o servizio specializzato necessario. La soluzione pu\u00f2 prevedere un servizio di supporto telefonico oppure l\u2019organizzazione di interventi worldwide. Le imbarcazioni equipaggiate con i sistemi I\u2212BRIDGE\u00ae e standard posso avvalersi dell\u2019efficace programma <a target=\"_blank\" href=\"http:\/\/ocean-rs.it\/\" rel=\"noopener noreferrer\">OCEAN REMOTE SUPPORT<\/a> che, grazie ad un\u2019intensa attivit\u00e0 specialistica di maintenance preventivo sui sistemi NAV\u2212COM ha lo scopo di mantenerli efficienti e quindi di aumentare il loro ciclo di vita. L\u2019attivit\u00e0 di supporto tecnico all&#8217;I-Bridge\u00ae prevede anche la possibilit\u00e0 di sessioni di diagnostica e di service da remoto.<\/p>\n<p>[\/vc_column_text][vc_empty_space height=&#8221;70px&#8221;][\/vc_column][\/vc_row][vc_row css_animation=&#8221;&#8221; row_type=&#8221;row&#8221; use_row_as_full_screen_section=&#8221;no&#8221; type=&#8221;grid&#8221; angled_section=&#8221;no&#8221; text_align=&#8221;left&#8221; background_image_as_pattern=&#8221;without_pattern&#8221; z_index=&#8221;&#8221;][vc_column][vc_raw_html]JTNDc3R5bGUlM0UlMEElMEElMEEudmlkZW9fd3JhcHBlciUyMCU3QiUwQSUyMCUyMCUyMCUyMGJhY2tncm91bmQtY29sb3IlM0ElMjAlMjMwMDAlM0IlMEElMjAlMjAlMjAlMjBwb3NpdGlvbiUzQSUyMHJlbGF0aXZlJTNCJTBBJTIwJTIwJTIwJTIwcGFkZGluZy1ib3R0b20lM0ElMjA1MCUyNSUzQiUwQSUyMCUyMCUyMCUyMHBhZGRpbmctdG9wJTNBJTIwMjVweCUzQiUwQSUyMCUyMCUyMCUyMGhlaWdodCUzQSUyMDAlM0IlMEElN0QlMEEudmlkZW9fd3JhcHBlcl9mdWxsJTIwJTdCJTBBJTIwJTIwJTJGJTJBJTIwcGFkZGluZy10b3AlM0ElMjAzMTVweCUzQiUyMCUyQSUyRiUwQSU3RCUwQSUwQSUwQS52aWRlb0lmcmFtZSUyMCU3QiUwQSUyMCUyMHBvc2l0aW9uJTNBJTIwYWJzb2x1dGUlM0IlMEElMjAlMjB0b3AlM0ElMjAwJTNCJTBBJTIwJTIwYm90dG9tJTNBJTIwMCUzQiUwQSUyMCUyMHJpZ2h0JTNBJTIwMCUzQiUwQSUyMCUyMGxlZnQlM0ElMjAwJTNCJTBBJTIwJTIwd2lkdGglM0ElMjAxMDAlMjUlM0IlMEElMjAlMjBoZWlnaHQlM0ElMjAxMDAlMjUlM0IlMEElMjAlMjBiYWNrZ3JvdW5kLWNvbG9yJTNBJTIwdHJhbnNwYXJlbnQlM0IlMEElN0QlMEElMEEudmlkZW9Qb3N0ZXIlMjAlN0IlMEElMjAlMjAlMjAlMjBwb3NpdGlvbiUzQSUyMGFic29sdXRlJTNCJTBBJTIwJTIwJTIwJTIwdG9wJTNBJTIwMHB4JTNCJTBBJTIwJTIwJTIwJTIwbGVmdCUzQSUyMDBweCUzQiUwQSUyMCUyMCUyMCUyMHdpZHRoJTNBJTIwMTAwJTI1JTNCJTBBJTIwJTIwJTIwJTIwaGVpZ2h0JTNBJTIwMTAwJTI1JTNCJTBBJTIwYmFja2dyb3VuZC1pbWFnZSUzQXVybCUyOGh0dHBzJTNBJTJGJTJGd3d3LnRlYW0taXRhbGlhLml0JTJGd3AlMkZ3cC1jb250ZW50JTJGdXBsb2FkcyUyRjIwMTglMkYwNyUyRmNvbXBhbnktb3ZlcnZpZXctY292ZXIyLmpwZyUyOSUzQiUwQSUyMCUyMGJhY2tncm91bmQtc2l6ZSUzQSUyMDEwMCUyNSUzQiUwQSUyMCUyMGJvcmRlciUzQSUyMG5vbmUlMEElMjAlMjAlMjB0ZXh0LWluZGVudCUzQSUyMC05OTllbSUzQiUwQSUyMCUyMG92ZXJmbG93JTNBJTIwaGlkZGVuJTNCJTBBJTIwJTIwb3BhY2l0eSUzQSUyMDElM0IlMEElMjAlMjAtd2Via2l0LXRyYW5zaXRpb24lM0ElMjBvcGFjaXR5JTIwODAwbXMlMkMlMjBoZWlnaHQlMjAwcyUzQiUwQSUyMCUyMC1tb3otdHJhbnNpdGlvbiUzQSUyMG9wYWNpdHklMjA4MDBtcyUyQyUyMGhlaWdodCUyMDBzJTNCJTBBJTIwJTIwdHJhbnNpdGlvbiUzQSUyMG9wYWNpdHklMjA4MDBtcyUyQyUyMGhlaWdodCUyMDBzJTNCJTBBJTIwJTIwLXdlYmtpdC10cmFuc2l0aW9uLWRlbGF5JTNBJTIwMHMlMkMlMjAwcyUzQiUwQSUyMCUyMC1tb3otdHJhbnNpdGlvbi1kZWxheSUzQSUyMDBzJTJDJTIwMHMlM0IlMEElMjAlMjB0cmFuc2l0aW9uLWRlbGF5JTNBJTIwMHMlMkMlMjAwcyUzQiUwQSU3RCUwQS52aWRlb1Bvc3RlciUzQWhvdmVyJTIwJTdCJTBBJTIwJTIwY3Vyc29yJTNBJTIwcG9pbnRlciUzQiUwQSU3RCUwQS52aWRlb1Bvc3RlciUzQWJlZm9yZSUyMCU3QiUwQSUyMCUyMGNvbnRlbnQlM0ElMjAlMjclMjclM0IlMEElMjAlMjBwb3NpdGlvbiUzQSUyMGFic29sdXRlJTNCJTBBJTIwJTIwdG9wJTNBJTIwNTAlMjUlM0IlMEElMjAlMjBsZWZ0JTNBJTIwNTAlMjUlM0IlMEElMjAlMjB3aWR0aCUzQSUyMDgwcHglM0IlMEElMjAlMjBoZWlnaHQlM0ElMjA4MHB4JTNCJTBBJTIwJTIwbWFyZ2luJTNBJTIwLTQwcHglMjAwJTIwMCUyMC00MHB4JTNCJTBBJTIwJTIwYm9yZGVyJTNBJTIwNXB4JTIwc29saWQlMjAlMjNmZmYlM0IlMEElMjAlMjBib3JkZXItcmFkaXVzJTNBJTIwMTAwJTI1JTNCJTBBJTIwJTIwLXdlYmtpdC10cmFuc2l0aW9uJTNBJTIwYm9yZGVyLWNvbG9yJTIwMzAwbXMlM0IlMEElMjAlMjAtbW96LXRyYW5zaXRpb24lM0ElMjBib3JkZXItY29sb3IlMjAzMDBtcyUzQiUwQSUyMCUyMHRyYW5zaXRpb24lM0ElMjBib3JkZXItY29sb3IlMjAzMDBtcyUzQiUwQSU3RCUwQS52aWRlb1Bvc3RlciUzQWFmdGVyJTIwJTdCJTBBJTIwJTIwJTIwJTIwY29udGVudCUzQSUyMCUyNyUyNyUzQiUwQSUyMCUyMCUyMCUyMHBvc2l0aW9uJTNBJTIwYWJzb2x1dGUlM0IlMEElMjAlMjAlMjAlMjB0b3AlM0ElMjA1MCUyNSUzQiUwQSUyMCUyMCUyMCUyMGxlZnQlM0ElMjA1MCUyNSUzQiUwQSUyMCUyMCUyMCUyMHdpZHRoJTNBJTIwMCUzQiUwQSUyMCUyMCUyMCUyMGhlaWdodCUzQSUyMDAlM0IlMEElMjAlMjAlMjAlMjBtYXJnaW4lM0ElMjAtMjBweCUyMDAlMjAwJTIwLTEwcHglM0IlMEElMjAlMjAlMjAlMjBib3JkZXItbGVmdCUzQSUyMDQwcHglMjBzb2xpZCUyMCUyM2ZmZiUzQiUwQSUyMCUyMCUyMCUyMGJvcmRlci10b3AlM0ElMjAyNXB4JTIwc29saWQlMjB0cmFuc3BhcmVudCUzQiUwQSUyMCUyMCUyMCUyMGJvcmRlci1ib3R0b20lM0ElMjAyNXB4JTIwc29saWQlMjB0cmFuc3BhcmVudCUzQiUwQSUyMCUyMCUyMCUyMC13ZWJraXQtdHJhbnNpdGlvbiUzQSUyMGJvcmRlci1jb2xvciUyMDMwMG1zJTNCJTBBJTIwJTIwJTIwJTIwLW1vei10cmFuc2l0aW9uJTNBJTIwYm9yZGVyLWNvbG9yJTIwMzAwbXMlM0IlMEElMjAlMjAlMjAlMjB0cmFuc2l0aW9uJTNBJTIwYm9yZGVyLWNvbG9yJTIwMzAwbXMlM0IlMEElN0QlMEEudmlkZW9Qb3N0ZXIlM0Fob3ZlciUzQWJlZm9yZSUyQyUyMCUyMC52aWRlb1Bvc3RlciUzQWZvY3VzJTNBYmVmb3JlJTIwJTdCJTBBJTIwJTIwJTIwJTIwYm9yZGVyLWNvbG9yJTNBJTIwJTIzYzBjMGMwJTNCJTBBJTdEJTBBLnZpZGVvUG9zdGVyJTNBaG92ZXIlM0FhZnRlciUyQyUyMC52aWRlb1Bvc3RlciUzQWZvY3VzJTNBYWZ0ZXIlMjAlN0IlMEElMjAlMjBib3JkZXItbGVmdC1jb2xvciUzQSUyMCUyM2MwYzBjMCUzQiUwQSU3RCUwQS52aWRlb1dyYXBwZXJBY3RpdmUlMjAudmlkZW9Qb3N0ZXIlMjAlN0IlMEElMjAlMjBvcGFjaXR5JTNBJTIwMCUzQiUwQSUyMCUyMGhlaWdodCUzQSUyMDAlM0IlMEElMjAlMjAtd2Via2l0LXRyYW5zaXRpb24tZGVsYXklM0ElMjAwcyUyQyUyMDgwMG1zJTNCJTBBJTIwJTIwLW1vei10cmFuc2l0aW9uLWRlbGF5JTNBJTIwMHMlMkMlMjA4MDBtcyUzQiUwQSUyMCUyMHRyYW5zaXRpb24tZGVsYXklM0ElMjAwcyUyQyUyMDgwMG1zJTNCJTBBJTdEJTBBJTNDJTJGc3R5bGUlM0UlMEElMEElMEElM0NkaXYlMjBjbGFzcyUzRCUyMnZpZGVvX3dyYXBwZXIlMjB2aWRlb193cmFwcGVyX2Z1bGwlMjBqcy12aWRlb1dyYXBwZXIlMjIlM0UlMEElMjAlMEElM0NpZnJhbWUlMjBjbGFzcyUzRCUyMnZpZGVvSWZyYW1lJTIwanMtdmlkZW9JZnJhbWUlMjIlMjBzcmMlM0QlMjIlMjIlMjBmcmFtZWJvcmRlciUzRCUyMjAlMjIlMjBhbGxvd1RyYW5zcGFyZW5jeSUzRCUyMnRydWUlMjIlMjBhbGxvd2Z1bGxzY3JlZW4lMjBkYXRhLXNyYyUzRCUyMmh0dHBzJTNBJTJGJTJGd3d3LnlvdXR1YmUuY29tJTJGZW1iZWQlMkZpclZSbVk2bEZpMCUzRmF1dG9wbGF5JTNEMSUyNm1vZGVzdGJyYW5kaW5nJTNEMSUyNnJlbCUzRDAlMjZobCUzRGl0JTI2c2hvd2luZm8lM0QwJTI2Y29sb3IlM0R3aGl0ZSUyMiUzRSUzQyUyRmlmcmFtZSUzRSUwQSUzQ2J1dHRvbiUyMGNsYXNzJTNEJTIydmlkZW9Qb3N0ZXIlMjBqcy12aWRlb1Bvc3RlciUyMiUzRSUzQyUyRmJ1dHRvbiUzRSUwQSUzQyUyRmRpdiUzRSUwQSUwQSUzQ3NjcmlwdCUzRSUwQXZhciUyMCUyNGolMjAlM0QlMjBqUXVlcnkubm9Db25mbGljdCUyOCUyOSUzQiUwQSUyNGolMjhkb2N1bWVudCUyOS5vbiUyOCUyN2NsaWNrJTI3JTJDJTI3LmpzLXZpZGVvUG9zdGVyJTI3JTJDZnVuY3Rpb24lMjhlJTI5JTIwJTdCJTBBJTIwJTIwZS5wcmV2ZW50RGVmYXVsdCUyOCUyOSUzQiUwQSUyMCUyMHZhciUyMHBvc3RlciUyMCUzRCUyMCUyNGolMjh0aGlzJTI5JTNCJTBBJTIwJTIwdmFyJTIwd3JhcHBlciUyMCUzRCUyMHBvc3Rlci5jbG9zZXN0JTI4JTI3LmpzLXZpZGVvV3JhcHBlciUyNyUyOSUzQiUwQSUyMCUyMHZpZGVvUGxheSUyOHdyYXBwZXIlMjklM0IlMEElN0QlMjklM0IlMEElMEElMEFmdW5jdGlvbiUyMHZpZGVvUGxheSUyOHdyYXBwZXIlMjklMjAlN0IlMEElMjAlMjB2YXIlMjBpZnJhbWUlMjAlM0QlMjB3cmFwcGVyLmZpbmQlMjglMjcuanMtdmlkZW9JZnJhbWUlMjclMjklM0IlMEElMjAlMjB2YXIlMjBzcmMlMjAlM0QlMjBpZnJhbWUuZGF0YSUyOCUyN3NyYyUyNyUyOSUzQiUwQSUyMCUyMHdyYXBwZXIuYWRkQ2xhc3MlMjglMjd2aWRlb1dyYXBwZXJBY3RpdmUlMjclMjklM0IlMEElMjAlMjBpZnJhbWUuYXR0ciUyOCUyN3NyYyUyNyUyQ3NyYyUyOSUzQiUwQSU3RCUwQSUwQSUzQyUyRnNjcmlwdCUzRQ==[\/vc_raw_html][vc_empty_space height=&#8221;60px&#8221;][\/vc_column][\/vc_row]<\/p>\n","protected":false},"excerpt":{"rendered":"<p>[vc_row row_type=&#8221;parallax&#8221; parallax_content_width=&#8221;in_grid&#8221; text_align=&#8221;left&#8221; full_screen_section_height=&#8221;no&#8221; background_image=&#8221;559&#8243; section_height=&#8221;600&#8243; el_class=&#8221;cover1&#8243;][vc_column][\/vc_column][\/vc_row][vc_row css_animation=&#8221;&#8221; row_type=&#8221;row&#8221; use_row_as_full_screen_section=&#8221;no&#8221; type=&#8221;grid&#8221; angled_section=&#8221;no&#8221; text_align=&#8221;center&#8221; background_image_as_pattern=&#8221;without_pattern&#8221; z_index=&#8221;&#8221;][vc_column][vc_empty_space height=&#8221;60px&#8221;][vc_column_text] Company Overview [\/vc_column_text][vc_separator type=&#8221;small&#8221; position=&#8221;center&#8221; color=&#8221;#0561b2&#8243; thickness=&#8221;1&#8243; width=&#8221;63&#8243; up=&#8221;31&#8243; down=&#8221;39&#8243;][vc_column_text] Da oltre 20 anni, TEAM Italia opera a livello globale nel campo dei Mega e Maxi Yachts ed&#8230;<\/p>\n","protected":false},"author":3,"featured_media":0,"parent":0,"menu_order":0,"comment_status":"closed","ping_status":"closed","template":"full_width.php","meta":{"footnotes":""},"categories":[20],"_links":{"self":[{"href":"https:\/\/www.team-italia.it\/it\/wp-json\/wp\/v2\/pages\/646"}],"collection":[{"href":"https:\/\/www.team-italia.it\/it\/wp-json\/wp\/v2\/pages"}],"about":[{"href":"https:\/\/www.team-italia.it\/it\/wp-json\/wp\/v2\/types\/page"}],"author":[{"embeddable":true,"href":"https:\/\/www.team-italia.it\/it\/wp-json\/wp\/v2\/users\/3"}],"replies":[{"embeddable":true,"href":"https:\/\/www.team-italia.it\/it\/wp-json\/wp\/v2\/comments?post=646"}],"version-history":[{"count":72,"href":"https:\/\/www.team-italia.it\/it\/wp-json\/wp\/v2\/pages\/646\/revisions"}],"predecessor-version":[{"id":1611,"href":"https:\/\/www.team-italia.it\/it\/wp-json\/wp\/v2\/pages\/646\/revisions\/1611"}],"wp:attachment":[{"href":"https:\/\/www.team-italia.it\/it\/wp-json\/wp\/v2\/media?parent=646"}],"wp:term":[{"taxonomy":"category","embeddable":true,"href":"https:\/\/www.team-italia.it\/it\/wp-json\/wp\/v2\/categories?post=646"}],"curies":[{"name":"wp","href":"https:\/\/api.w.org\/{rel}","templated":true}]}}