{"id":658,"date":"2018-06-16T11:10:00","date_gmt":"2018-06-16T09:10:00","guid":{"rendered":"http:\/\/www.team-italia.kbox.it\/wp\/?page_id=658"},"modified":"2018-09-17T17:22:31","modified_gmt":"2018-09-17T15:22:31","slug":"i-chart","status":"publish","type":"page","link":"https:\/\/www.team-italia.it\/it\/soluzioni\/i-chart\/","title":{"rendered":"I-Chart"},"content":{"rendered":"<p>[vc_row row_type=&#8221;parallax&#8221; parallax_content_width=&#8221;full_width&#8221; text_align=&#8221;center&#8221; background_image=&#8221;571&#8243; full_screen_section_height=&#8221;no&#8221; section_height=&#8221;450&#8243; el_class=&#8221;cover&#8221;][vc_column][\/vc_column][\/vc_row][vc_row css_animation=&#8221;&#8221; row_type=&#8221;row&#8221; use_row_as_full_screen_section=&#8221;no&#8221; type=&#8221;grid&#8221; angled_section=&#8221;no&#8221; text_align=&#8221;center&#8221; background_image_as_pattern=&#8221;without_pattern&#8221; z_index=&#8221;&#8221;][vc_column][vc_empty_space height=&#8221;60px&#8221;][vc_single_image image=&#8221;421&#8243; img_size=&#8221;large&#8221; alignment=&#8221;center&#8221; qode_css_animation=&#8221;&#8221;][vc_empty_space height=&#8221;30px&#8221;][vc_separator type=&#8221;small&#8221; position=&#8221;center&#8221; color=&#8221;#0561b2&#8243; thickness=&#8221;1&#8243; width=&#8221;63&#8243; up=&#8221;31&#8243; down=&#8221;39&#8243;][vc_column_text]<\/p>\n<p style=\"text-align: justify;\">I-Chart<sup>\u00ae<\/sup> \u00e8 uno strumento basato su tecnologia Multitouch e destinato alle attivit\u00e0 di pianificazione della rotta. Con I-Chart<sup>\u00ae<\/sup> TEAM Italia ha voluto coniugare quelle che sono le esigenze nautiche di sicurezza della navigazione del comandante con le esigenze di crociera dell\u2019armatore e dei suoi ospiti. I-Chart<sup>\u00ae<\/sup> pu\u00f2 essere una componente del sistema I-Bridge<sup>\u00ae<\/sup> oppure pu\u00f2 vivere in maniera separata andando a sostituire quello che \u00e8 il classico tavolo da carteggio. Oltre alla applicazione in plancia \u00e8 uno strumento che pu\u00f2 essere installato in qualsiasi parte della nave.<\/p>\n<p>[\/vc_column_text][vc_empty_space height=&#8221;30px&#8221;][\/vc_column][\/vc_row][vc_row css_animation=&#8221;&#8221; row_type=&#8221;row&#8221; use_row_as_full_screen_section=&#8221;no&#8221; type=&#8221;grid&#8221; angled_section=&#8221;no&#8221; text_align=&#8221;left&#8221; background_image_as_pattern=&#8221;without_pattern&#8221; z_index=&#8221;&#8221;][vc_column][vc_empty_space height=&#8221;30px&#8221;][\/vc_column][\/vc_row]<\/p>\n","protected":false},"excerpt":{"rendered":"<p>[vc_row row_type=&#8221;parallax&#8221; parallax_content_width=&#8221;full_width&#8221; text_align=&#8221;center&#8221; background_image=&#8221;571&#8243; full_screen_section_height=&#8221;no&#8221; section_height=&#8221;450&#8243; el_class=&#8221;cover&#8221;][vc_column][\/vc_column][\/vc_row][vc_row css_animation=&#8221;&#8221; row_type=&#8221;row&#8221; use_row_as_full_screen_section=&#8221;no&#8221; type=&#8221;grid&#8221; angled_section=&#8221;no&#8221; text_align=&#8221;center&#8221; background_image_as_pattern=&#8221;without_pattern&#8221; z_index=&#8221;&#8221;][vc_column][vc_empty_space height=&#8221;60px&#8221;][vc_single_image image=&#8221;421&#8243; img_size=&#8221;large&#8221; alignment=&#8221;center&#8221; qode_css_animation=&#8221;&#8221;][vc_empty_space height=&#8221;30px&#8221;][vc_separator type=&#8221;small&#8221; position=&#8221;center&#8221; color=&#8221;#0561b2&#8243; thickness=&#8221;1&#8243; width=&#8221;63&#8243; up=&#8221;31&#8243; down=&#8221;39&#8243;][vc_column_text] I-Chart\u00ae \u00e8 uno strumento basato su tecnologia Multitouch e destinato alle attivit\u00e0 di pianificazione della rotta&#8230;.<\/p>\n","protected":false},"author":3,"featured_media":0,"parent":663,"menu_order":0,"comment_status":"closed","ping_status":"closed","template":"full_width.php","meta":{"footnotes":""},"categories":[20],"_links":{"self":[{"href":"https:\/\/www.team-italia.it\/it\/wp-json\/wp\/v2\/pages\/658"}],"collection":[{"href":"https:\/\/www.team-italia.it\/it\/wp-json\/wp\/v2\/pages"}],"about":[{"href":"https:\/\/www.team-italia.it\/it\/wp-json\/wp\/v2\/types\/page"}],"author":[{"embeddable":true,"href":"https:\/\/www.team-italia.it\/it\/wp-json\/wp\/v2\/users\/3"}],"replies":[{"embeddable":true,"href":"https:\/\/www.team-italia.it\/it\/wp-json\/wp\/v2\/comments?post=658"}],"version-history":[{"count":4,"href":"https:\/\/www.team-italia.it\/it\/wp-json\/wp\/v2\/pages\/658\/revisions"}],"predecessor-version":[{"id":1122,"href":"https:\/\/www.team-italia.it\/it\/wp-json\/wp\/v2\/pages\/658\/revisions\/1122"}],"up":[{"embeddable":true,"href":"https:\/\/www.team-italia.it\/it\/wp-json\/wp\/v2\/pages\/663"}],"wp:attachment":[{"href":"https:\/\/www.team-italia.it\/it\/wp-json\/wp\/v2\/media?parent=658"}],"wp:term":[{"taxonomy":"category","embeddable":true,"href":"https:\/\/www.team-italia.it\/it\/wp-json\/wp\/v2\/categories?post=658"}],"curies":[{"name":"wp","href":"https:\/\/api.w.org\/{rel}","templated":true}]}}