{"id":764,"date":"2018-06-26T12:27:49","date_gmt":"2018-06-26T10:27:49","guid":{"rendered":"http:\/\/www.team-italia.kbox.it\/wp\/?page_id=764"},"modified":"2023-10-10T10:28:57","modified_gmt":"2023-10-10T08:28:57","slug":"innovation-technology","status":"publish","type":"page","link":"https:\/\/www.team-italia.it\/it\/innovation-technology\/","title":{"rendered":"Innovation technology"},"content":{"rendered":"<p>[vc_row css_animation=&#8221;&#8221; row_type=&#8221;row&#8221; use_row_as_full_screen_section=&#8221;no&#8221; type=&#8221;full_width&#8221; angled_section=&#8221;no&#8221; text_align=&#8221;left&#8221; background_image_as_pattern=&#8221;without_pattern&#8221;][vc_column][vc_empty_space height=&#8221;60px&#8221;][\/vc_column][\/vc_row][vc_row row_type=&#8221;parallax&#8221; parallax_content_width=&#8221;full_width&#8221; text_align=&#8221;left&#8221; full_screen_section_height=&#8221;no&#8221; background_image=&#8221;557&#8243; section_height=&#8221;450&#8243; css=&#8221;.vc_custom_1539703977120{background-position: center !important;background-repeat: no-repeat !important;background-size: contain !important;}&#8221; el_class=&#8221;cover3 cover&#8221;][vc_column][vc_column_text css=&#8221;.vc_custom_1539703632566{margin-top: 148px !important;}&#8221;]<\/p>\n<p style=\"text-align: center;\"><a href=\"\/it\/soluzioni\/i-bridge\"><img decoding=\"async\" loading=\"lazy\" class=\"alignnone size-medium wp-image-320\" src=\"https:\/\/www.team-italia.it\/wp\/wp-content\/uploads\/2018\/10\/logo-ibridge-w-2-300x93.png\" alt=\"\" width=\"300\" height=\"93\" \/><\/a><\/p>\n<p>[\/vc_column_text][\/vc_column][\/vc_row][vc_row css_animation=&#8221;&#8221; row_type=&#8221;row&#8221; use_row_as_full_screen_section=&#8221;no&#8221; type=&#8221;grid&#8221; angled_section=&#8221;no&#8221; text_align=&#8221;left&#8221; background_image_as_pattern=&#8221;without_pattern&#8221; z_index=&#8221;&#8221;][vc_column][vc_empty_space height=&#8221;60px&#8221;][vc_column_text]<\/p>\n<p style=\"text-align: justify;\">I\u2212Bridge<sup>\u00ae<\/sup> permette il controllo totale dell\u2019imbarcazione e grazie alla sua architettura flessibile \u00e8 in grado di realizzare una condotta nave TAILOR MADE per ogni esigenza. I\u2212Bridge<sup>\u00ae<\/sup> nasce dalla necessit\u00e0 di fondere l&#8217;esperienza di navigazione dei migliori Comandanti ed il know-how tecnico ed elettronico di TEAM Italia in un prodotto sicuro, affidabile e facile da usare oltre che ergonomico ed elegante nel design. Il feedback quotidiano dai Comandanti, che sono gli utilizzatori del sistema Team Italia, permette all&#8217;azienda di upgradare in modo costante i progetti e di sviluppare, con la loro cooperazione ed esperienza, nuove applicazioni innovative. <a href=\"\/it\/soluzioni\/i-bridge\/\">Scopri di pi\u00f9 &gt;<\/a><\/p>\n<p>[\/vc_column_text][vc_empty_space height=&#8221;90px&#8221;][\/vc_column][\/vc_row][vc_row row_type=&#8221;parallax&#8221; parallax_content_width=&#8221;full_width&#8221; text_align=&#8221;left&#8221; full_screen_section_height=&#8221;no&#8221; background_image=&#8221;1233&#8243; section_height=&#8221;450&#8243; css=&#8221;.vc_custom_1539704193074{background-position: center !important;background-repeat: no-repeat !important;background-size: contain !important;}&#8221; el_class=&#8221;cover&#8221;][vc_column][vc_column_text css=&#8221;.vc_custom_1539703649597{margin-top: 148px !important;}&#8221;]<\/p>\n<p style=\"text-align: center;\"><a href=\"\/it\/soluzioni\/i-chart\"><img decoding=\"async\" loading=\"lazy\" class=\"alignnone size-medium wp-image-326\" src=\"https:\/\/www.team-italia.it\/wp\/wp-content\/uploads\/2018\/04\/logo-i-chart-w-300x109.png\" alt=\"\" width=\"300\" height=\"109\" \/><\/a><\/p>\n<p>[\/vc_column_text][\/vc_column][\/vc_row][vc_row css_animation=&#8221;&#8221; row_type=&#8221;row&#8221; use_row_as_full_screen_section=&#8221;no&#8221; type=&#8221;grid&#8221; angled_section=&#8221;no&#8221; text_align=&#8221;left&#8221; background_image_as_pattern=&#8221;without_pattern&#8221; z_index=&#8221;&#8221;][vc_column][vc_empty_space height=&#8221;60px&#8221;][vc_column_text]<\/p>\n<p style=\"text-align: justify;\">I\u2212Chart\u00ae \u00e8 uno strumento basato su tecnologia Multitouch e destinato alle attivit\u00e0 di pianificazione della rotta. Con I\u2212Chart\u00ae TEAM Italia ha voluto coniugare quelle che sono le esigenze nautiche di sicurezza della navigazione del comandante con le esigenze di crociera dell\u2019armatore e dei suoi ospiti. I\u2212Chart\u00ae pu\u00f2 essere una componente del sistema I\u2212Bridge\u00ae oppure pu\u00f2 vivere in maniera separata andando a sostituire quello che \u00e8 il classico tavolo da carteggio. Oltre alla applicazione in plancia \u00e8 uno strumento che pu\u00f2 essere installato in qualsiasi parte della nave.\u00a0<a href=\"\/it\/soluzioni\/i-chart\/\">Scopri di pi\u00f9 &gt;<\/a><\/p>\n<p>[\/vc_column_text][vc_empty_space height=&#8221;90px&#8221;][\/vc_column][\/vc_row][vc_row row_type=&#8221;parallax&#8221; parallax_content_width=&#8221;full_width&#8221; text_align=&#8221;left&#8221; full_screen_section_height=&#8221;no&#8221; background_image=&#8221;640&#8243; section_height=&#8221;450&#8243; parallax_side_padding=&#8221;0&#8243; css=&#8221;.vc_custom_1696926505338{background-position: center !important;background-repeat: no-repeat !important;background-size: contain !important;}&#8221; el_class=&#8221;cover hidden&#8221;][vc_column][vc_column_text css=&#8221;.vc_custom_1539703674573{margin-top: 148px !important;}&#8221;]<\/p>\n<p style=\"text-align: center;\"><a href=\"\/it\/soluzioni\/bcm\"><img decoding=\"async\" loading=\"lazy\" class=\"aligncenter wp-image-634\" src=\"https:\/\/www.team-italia.it\/wp\/wp-content\/uploads\/2018\/06\/logo-bcm.png\" alt=\"\" width=\"450\" height=\"158\" \/><\/a><\/p>\n<p>[\/vc_column_text][vc_empty_space height=&#8221;60px&#8221;][\/vc_column][\/vc_row][vc_row css_animation=&#8221;&#8221; row_type=&#8221;row&#8221; use_row_as_full_screen_section=&#8221;no&#8221; type=&#8221;grid&#8221; angled_section=&#8221;no&#8221; text_align=&#8221;left&#8221; background_image_as_pattern=&#8221;without_pattern&#8221; z_index=&#8221;&#8221; el_class=&#8221;hidden&#8221;][vc_column][vc_empty_space height=&#8221;60px&#8221;][vc_column_text]<\/p>\n<p align=\"JUSTIFY\">BCM \u00e8 un\u00a0<em>internet connection manager<\/em>\u00a0disponibile in due diverse modalit\u00e0 di funzionamento: Light Version mode e AC Portal mode.<\/p>\n<p align=\"JUSTIFY\">Usando la versione Light mode si possono facilmente controllare le proprie connessioni WAN e nel contempo gestire efficientemente il traffico LAN, decidendo dunque quali dati usare.<\/p>\n<p align=\"JUSTIFY\">La versione AC Portal, che rende il\u00a0<strong>prodotto unico sul mercato\u00a0<\/strong>permette con soli 3 passaggi di definire gli User Accounts, selezionare le connessioni disponibili per ogni account, settare eventuali limitazioni di tempo o di traffico massimo dedicato, limitare gli accessi alla sola visualizzazione delle email, al surfing web, alla navigazione esclusivamente testuali o permettere\/limitare il download di informazioni o lo streaming media. <a href=\"\/it\/soluzioni\/bcm\/\">Scopri di pi\u00f9 &gt;<\/a><\/p>\n<p>[\/vc_column_text][vc_empty_space height=&#8221;90px&#8221;][\/vc_column][\/vc_row][vc_row row_type=&#8221;parallax&#8221; parallax_content_width=&#8221;full_width&#8221; text_align=&#8221;left&#8221; full_screen_section_height=&#8221;no&#8221; background_image=&#8221;630&#8243; section_height=&#8221;450&#8243; parallax_side_padding=&#8221;0&#8243; css=&#8221;.vc_custom_1696926523960{background-position: center !important;background-repeat: no-repeat !important;background-size: contain !important;}&#8221; el_class=&#8221;cover hidden&#8221;][vc_column css=&#8221;.vc_custom_1529071369125{margin-bottom: 40px !important;}&#8221;][vc_column_text css=&#8221;.vc_custom_1539703687274{margin-top: 148px !important;}&#8221;]<\/p>\n<p style=\"text-align: center;\"><a href=\"\/it\/soluzioni\/onyx\"><img decoding=\"async\" loading=\"lazy\" class=\"aligncenter size-medium wp-image-628\" src=\"https:\/\/www.team-italia.it\/wp\/wp-content\/uploads\/2018\/06\/logo-onyx-w-300x155.png\" alt=\"\" width=\"300\" height=\"155\" \/><\/a><\/p>\n<p>[\/vc_column_text][vc_empty_space height=&#8221;60px&#8221;][\/vc_column][\/vc_row][vc_row css_animation=&#8221;&#8221; row_type=&#8221;row&#8221; use_row_as_full_screen_section=&#8221;no&#8221; type=&#8221;grid&#8221; angled_section=&#8221;no&#8221; text_align=&#8221;left&#8221; background_image_as_pattern=&#8221;without_pattern&#8221; z_index=&#8221;&#8221; el_class=&#8221;hidden&#8221;][vc_column][vc_empty_space height=&#8221;60px&#8221;][vc_column_text]<\/p>\n<p style=\"text-align: justify;\">Onyx Marine Automation, azienda del gruppo TEAM Italia, progetta e realizza sistemi tailor made per il controllo ed il monitoraggio di yacht e maxi yacht. L&#8217;obiettivo \u00e8 quello di semplificare le installazioni, ridurre il numero di componenti necessari, facilitare gli interventi di controllo e manutenzione. Una rete di partner ed installatori autorizzati \u00e8 in grado di soddisfare le esigenze dei clienti su tutto il territorio nazionale ed internazionale.\u00a0<a href=\"\/it\/soluzioni\/onyx\/\">Scopri di pi\u00f9 &gt;<\/a><\/p>\n<p>[\/vc_column_text][vc_empty_space height=&#8221;90px&#8221;][\/vc_column][\/vc_row]<\/p>\n","protected":false},"excerpt":{"rendered":"<p>[vc_row css_animation=&#8221;&#8221; row_type=&#8221;row&#8221; use_row_as_full_screen_section=&#8221;no&#8221; type=&#8221;full_width&#8221; angled_section=&#8221;no&#8221; text_align=&#8221;left&#8221; background_image_as_pattern=&#8221;without_pattern&#8221;][vc_column][vc_empty_space height=&#8221;60px&#8221;][\/vc_column][\/vc_row][vc_row row_type=&#8221;parallax&#8221; parallax_content_width=&#8221;full_width&#8221; text_align=&#8221;left&#8221; full_screen_section_height=&#8221;no&#8221; background_image=&#8221;557&#8243; section_height=&#8221;450&#8243; css=&#8221;.vc_custom_1539703977120{background-position: center !important;background-repeat: no-repeat !important;background-size: contain !important;}&#8221; el_class=&#8221;cover3 cover&#8221;][vc_column][vc_column_text css=&#8221;.vc_custom_1539703632566{margin-top: 148px !important;}&#8221;] [\/vc_column_text][\/vc_column][\/vc_row][vc_row css_animation=&#8221;&#8221; row_type=&#8221;row&#8221; use_row_as_full_screen_section=&#8221;no&#8221; type=&#8221;grid&#8221; angled_section=&#8221;no&#8221; text_align=&#8221;left&#8221; background_image_as_pattern=&#8221;without_pattern&#8221; z_index=&#8221;&#8221;][vc_column][vc_empty_space height=&#8221;60px&#8221;][vc_column_text] I\u2212Bridge\u00ae permette il controllo totale dell\u2019imbarcazione e grazie&#8230;<\/p>\n","protected":false},"author":3,"featured_media":0,"parent":0,"menu_order":0,"comment_status":"closed","ping_status":"closed","template":"full_width.php","meta":{"footnotes":""},"categories":[20],"_links":{"self":[{"href":"https:\/\/www.team-italia.it\/it\/wp-json\/wp\/v2\/pages\/764"}],"collection":[{"href":"https:\/\/www.team-italia.it\/it\/wp-json\/wp\/v2\/pages"}],"about":[{"href":"https:\/\/www.team-italia.it\/it\/wp-json\/wp\/v2\/types\/page"}],"author":[{"embeddable":true,"href":"https:\/\/www.team-italia.it\/it\/wp-json\/wp\/v2\/users\/3"}],"replies":[{"embeddable":true,"href":"https:\/\/www.team-italia.it\/it\/wp-json\/wp\/v2\/comments?post=764"}],"version-history":[{"count":14,"href":"https:\/\/www.team-italia.it\/it\/wp-json\/wp\/v2\/pages\/764\/revisions"}],"predecessor-version":[{"id":2368,"href":"https:\/\/www.team-italia.it\/it\/wp-json\/wp\/v2\/pages\/764\/revisions\/2368"}],"wp:attachment":[{"href":"https:\/\/www.team-italia.it\/it\/wp-json\/wp\/v2\/media?parent=764"}],"wp:term":[{"taxonomy":"category","embeddable":true,"href":"https:\/\/www.team-italia.it\/it\/wp-json\/wp\/v2\/categories?post=764"}],"curies":[{"name":"wp","href":"https:\/\/api.w.org\/{rel}","templated":true}]}}